{"id":21698,"date":"2018-08-29T00:00:00","date_gmt":"2018-08-28T22:00:00","guid":{"rendered":"https:\/\/promz.be\/product\/sac-ecologique-en-pet-recycle-rpet\/"},"modified":"2018-08-29T00:00:00","modified_gmt":"2018-08-28T22:00:00","slug":"sac-ecologique-en-pet-recycle-rpet","status":"publish","type":"product","link":"https:\/\/promz.be\/fr\/product\/sac-ecologique-en-pet-recycle-rpet\/","title":{"rendered":"Sac \u00e9cologique en PET recycl\u00e9 RPET"},"content":{"rendered":"<p>Sac \u00e9cologique en mat\u00e9riau RPET recycl\u00e9 PET. Dans une large gamme de couleurs vives, avec 70cm, poign\u00e9es longues et renforc\u00e9es et finition cousue. Dimensions: 38 x 42 cm. R\u00e9sistance jusqu\u00b4\u00e0 10 kg.<\/p>\n","protected":false},"excerpt":{"rendered":"<p>Sac \u00e9cologique en mat\u00e9riau RPET recycl\u00e9 PET. Dans une large gamme de couleurs vives, avec 70cm, poign\u00e9es longues et renforc\u00e9es et finition cousue. Dimensions: 38 x 42 cm. R\u00e9sistance jusqu\u00b4\u00e0 10 kg. [&#8230;]<\/p>\n<p><a class=\"btn btn-secondary understrap-read-more-link\" href=\"https:\/\/promz.be\/fr\/product\/sac-ecologique-en-pet-recycle-rpet\/\">Lire la suite&#8230;<\/a><\/p>\n","protected":false},"featured_media":21639,"comment_status":"closed","ping_status":"open","template":"","meta":[],"product_cat":[1014,980,957,978,954],"product_tag":[3280,3069,7036,5943,7037,6175],"_links":{"self":[{"href":"https:\/\/promz.be\/fr\/wp-json\/wp\/v2\/product\/21698"}],"collection":[{"href":"https:\/\/promz.be\/fr\/wp-json\/wp\/v2\/product"}],"about":[{"href":"https:\/\/promz.be\/fr\/wp-json\/wp\/v2\/types\/product"}],"replies":[{"embeddable":true,"href":"https:\/\/promz.be\/fr\/wp-json\/wp\/v2\/comments?post=21698"}],"wp:featuredmedia":[{"embeddable":true,"href":"https:\/\/promz.be\/fr\/wp-json\/wp\/v2\/media\/21639"}],"wp:attachment":[{"href":"https:\/\/promz.be\/fr\/wp-json\/wp\/v2\/media?parent=21698"}],"wp:term":[{"taxonomy":"product_cat","embeddable":true,"href":"https:\/\/promz.be\/fr\/wp-json\/wp\/v2\/product_cat?post=21698"},{"taxonomy":"product_tag","embeddable":true,"href":"https:\/\/promz.be\/fr\/wp-json\/wp\/v2\/product_tag?post=21698"}],"curies":[{"name":"wp","href":"https:\/\/api.w.org\/{rel}","templated":true}]}}