{"id":21699,"date":"2018-10-11T00:00:00","date_gmt":"2018-10-10T22:00:00","guid":{"rendered":"https:\/\/promz.be\/product\/bouteille-tritan-650ml-sans-bpa-2\/"},"modified":"2018-10-11T00:00:00","modified_gmt":"2018-10-10T22:00:00","slug":"bouteille-tritan-650ml-sans-bpa-2","status":"publish","type":"product","link":"https:\/\/promz.be\/fr\/product\/bouteille-tritan-650ml-sans-bpa-2\/","title":{"rendered":"Bouteille Tritan 650ml, sans BPA"},"content":{"rendered":"<p>Bidon simple paroi avec couvercle \u00e0 visser. Fabriqu\u00e9 \u00e0 partir d&#8217;un mat\u00e9riau Eastman Tritan \u2122 durable, sans BPA et r\u00e9sistant aux taches et aux odeurs. Volume de 650ml. Tritan sans BPA.<\/p>\n","protected":false},"excerpt":{"rendered":"<p>Bidon simple paroi avec couvercle \u00e0 visser. Fabriqu\u00e9 \u00e0 partir d&#8217;un mat\u00e9riau Eastman Tritan \u2122 durable, sans BPA et r\u00e9sistant aux taches et aux odeurs. Volume de 650ml. Tritan sans BPA. [&#8230;]<\/p>\n<p><a class=\"btn btn-secondary understrap-read-more-link\" href=\"https:\/\/promz.be\/fr\/product\/bouteille-tritan-650ml-sans-bpa-2\/\">Lire la suite&#8230;<\/a><\/p>\n","protected":false},"featured_media":21641,"comment_status":"closed","ping_status":"open","template":"","meta":[],"product_cat":[947,1023,969,953],"product_tag":[3282,5548,6779,7031],"_links":{"self":[{"href":"https:\/\/promz.be\/fr\/wp-json\/wp\/v2\/product\/21699"}],"collection":[{"href":"https:\/\/promz.be\/fr\/wp-json\/wp\/v2\/product"}],"about":[{"href":"https:\/\/promz.be\/fr\/wp-json\/wp\/v2\/types\/product"}],"replies":[{"embeddable":true,"href":"https:\/\/promz.be\/fr\/wp-json\/wp\/v2\/comments?post=21699"}],"wp:featuredmedia":[{"embeddable":true,"href":"https:\/\/promz.be\/fr\/wp-json\/wp\/v2\/media\/21641"}],"wp:attachment":[{"href":"https:\/\/promz.be\/fr\/wp-json\/wp\/v2\/media?parent=21699"}],"wp:term":[{"taxonomy":"product_cat","embeddable":true,"href":"https:\/\/promz.be\/fr\/wp-json\/wp\/v2\/product_cat?post=21699"},{"taxonomy":"product_tag","embeddable":true,"href":"https:\/\/promz.be\/fr\/wp-json\/wp\/v2\/product_tag?post=21699"}],"curies":[{"name":"wp","href":"https:\/\/api.w.org\/{rel}","templated":true}]}}