{"id":21702,"date":"2018-10-24T00:00:00","date_gmt":"2018-10-23T22:00:00","guid":{"rendered":"https:\/\/promz.be\/product\/porte-telephone-pour-le-velo\/"},"modified":"2018-10-24T00:00:00","modified_gmt":"2018-10-23T22:00:00","slug":"porte-telephone-pour-le-velo","status":"publish","type":"product","link":"https:\/\/promz.be\/fr\/product\/porte-telephone-pour-le-velo\/","title":{"rendered":"Porte-t\u00e9l\u00e9phone pour le v\u00e9lo"},"content":{"rendered":"<p>Porte-t\u00e9l\u00e9phone pour le v\u00e9lo. 3 positions, m\u00e9canisme de rotation de 360\u00ba et une pente jusqu&#8217;\u00e0 45\u00ba. Porte-pince solide et pr\u00e9sent\u00e9 dans une bo\u00eete au design attrayant.<\/p>\n","protected":false},"excerpt":{"rendered":"<p>Porte-t\u00e9l\u00e9phone pour le v\u00e9lo. 3 positions, m\u00e9canisme de rotation de 360\u00ba et une pente jusqu&#8217;\u00e0 45\u00ba. Porte-pince solide et pr\u00e9sent\u00e9 dans une bo\u00eete au design attrayant. [&#8230;]<\/p>\n<p><a class=\"btn btn-secondary understrap-read-more-link\" href=\"https:\/\/promz.be\/fr\/product\/porte-telephone-pour-le-velo\/\">Lire la suite&#8230;<\/a><\/p>\n","protected":false},"featured_media":21647,"comment_status":"closed","ping_status":"open","template":"","meta":[],"product_cat":[1026,952,1023,953,956,983],"product_tag":[6761,5531,5534,3115],"_links":{"self":[{"href":"https:\/\/promz.be\/fr\/wp-json\/wp\/v2\/product\/21702"}],"collection":[{"href":"https:\/\/promz.be\/fr\/wp-json\/wp\/v2\/product"}],"about":[{"href":"https:\/\/promz.be\/fr\/wp-json\/wp\/v2\/types\/product"}],"replies":[{"embeddable":true,"href":"https:\/\/promz.be\/fr\/wp-json\/wp\/v2\/comments?post=21702"}],"wp:featuredmedia":[{"embeddable":true,"href":"https:\/\/promz.be\/fr\/wp-json\/wp\/v2\/media\/21647"}],"wp:attachment":[{"href":"https:\/\/promz.be\/fr\/wp-json\/wp\/v2\/media?parent=21702"}],"wp:term":[{"taxonomy":"product_cat","embeddable":true,"href":"https:\/\/promz.be\/fr\/wp-json\/wp\/v2\/product_cat?post=21702"},{"taxonomy":"product_tag","embeddable":true,"href":"https:\/\/promz.be\/fr\/wp-json\/wp\/v2\/product_tag?post=21702"}],"curies":[{"name":"wp","href":"https:\/\/api.w.org\/{rel}","templated":true}]}}