{"id":21703,"date":"2018-11-02T00:00:00","date_gmt":"2018-11-01T23:00:00","guid":{"rendered":"https:\/\/promz.be\/product\/casque-intra-auriculaire-bluetooth\/"},"modified":"2018-11-02T00:00:00","modified_gmt":"2018-11-01T23:00:00","slug":"casque-intra-auriculaire-bluetooth","status":"publish","type":"product","link":"https:\/\/promz.be\/fr\/product\/casque-intra-auriculaire-bluetooth\/","title":{"rendered":"Casque intra-auriculaire Bluetooth"},"content":{"rendered":"<p>Casque intra-auriculaire avec connexion Bluetooth. Lisse a toucher, accouplement magn\u00e9tique et boutons de commande int\u00e9gr\u00e9s dans l\u00b4accessoire pour le cou. Avec fonction mains libres, notifications de vibrations et rechargeable via un c\u00e2ble micro-USB (inclus). Disponible dans une gamme vari\u00e9e de couleurs avec des accessoires assortis. Pour tous les types d\u00b4oreille, incluez 3 jeux de coussinets dans les tailles S, M et L. Pr\u00e9sent\u00e9s dans une jolie bo\u00eete design.<\/p>\n","protected":false},"excerpt":{"rendered":"<p>Casque intra-auriculaire avec connexion Bluetooth. Lisse a toucher, accouplement magn\u00e9tique et boutons de commande int\u00e9gr\u00e9s dans l\u00b4accessoire pour le cou. Avec fonction mains libres, notifications de vibrations et rechargeable via un c\u00e2ble micro-USB (inclus). Disponible dans une gamme vari\u00e9e de couleurs avec des accessoires assortis. Pour tous les types d\u00b4oreille, incluez 3 jeux de coussinets dans les tailles S, M et L. Pr\u00e9sent\u00e9s dans une jolie bo\u00eete design. [&#8230;]<\/p>\n<p><a class=\"btn btn-secondary understrap-read-more-link\" href=\"https:\/\/promz.be\/fr\/product\/casque-intra-auriculaire-bluetooth\/\">Lire la suite&#8230;<\/a><\/p>\n","protected":false},"featured_media":21649,"comment_status":"closed","ping_status":"open","template":"","meta":[],"product_cat":[1026,1023,1021,953,956],"product_tag":[1608,7040,7041,3389,5547],"_links":{"self":[{"href":"https:\/\/promz.be\/fr\/wp-json\/wp\/v2\/product\/21703"}],"collection":[{"href":"https:\/\/promz.be\/fr\/wp-json\/wp\/v2\/product"}],"about":[{"href":"https:\/\/promz.be\/fr\/wp-json\/wp\/v2\/types\/product"}],"replies":[{"embeddable":true,"href":"https:\/\/promz.be\/fr\/wp-json\/wp\/v2\/comments?post=21703"}],"wp:featuredmedia":[{"embeddable":true,"href":"https:\/\/promz.be\/fr\/wp-json\/wp\/v2\/media\/21649"}],"wp:attachment":[{"href":"https:\/\/promz.be\/fr\/wp-json\/wp\/v2\/media?parent=21703"}],"wp:term":[{"taxonomy":"product_cat","embeddable":true,"href":"https:\/\/promz.be\/fr\/wp-json\/wp\/v2\/product_cat?post=21703"},{"taxonomy":"product_tag","embeddable":true,"href":"https:\/\/promz.be\/fr\/wp-json\/wp\/v2\/product_tag?post=21703"}],"curies":[{"name":"wp","href":"https:\/\/api.w.org\/{rel}","templated":true}]}}