{"id":21704,"date":"2018-08-14T00:00:00","date_gmt":"2018-08-13T22:00:00","guid":{"rendered":"https:\/\/promz.be\/product\/corde-a-sauter-avec-des-poignees-en-bois\/"},"modified":"2018-08-14T00:00:00","modified_gmt":"2018-08-13T22:00:00","slug":"corde-a-sauter-avec-des-poignees-en-bois","status":"publish","type":"product","link":"https:\/\/promz.be\/fr\/product\/corde-a-sauter-avec-des-poignees-en-bois\/","title":{"rendered":"Corde \u00e0 sauter avec des poign\u00e9es en bois"},"content":{"rendered":"<p>Corde \u00e0 sauter avec des poign\u00e9es en bois. Longueur de la corde 240 cm. La corde est fournie pli\u00e9e.<\/p>\n","protected":false},"excerpt":{"rendered":"<p>Corde \u00e0 sauter avec des poign\u00e9es en bois. Longueur de la corde 240 cm. La corde est fournie pli\u00e9e. [&#8230;]<\/p>\n<p><a class=\"btn btn-secondary understrap-read-more-link\" href=\"https:\/\/promz.be\/fr\/product\/corde-a-sauter-avec-des-poignees-en-bois\/\">Lire la suite&#8230;<\/a><\/p>\n","protected":false},"featured_media":21651,"comment_status":"closed","ping_status":"open","template":"","meta":[],"product_cat":[1023,957,1022,953,992],"product_tag":[7042,3535,3312,7043,5557],"_links":{"self":[{"href":"https:\/\/promz.be\/fr\/wp-json\/wp\/v2\/product\/21704"}],"collection":[{"href":"https:\/\/promz.be\/fr\/wp-json\/wp\/v2\/product"}],"about":[{"href":"https:\/\/promz.be\/fr\/wp-json\/wp\/v2\/types\/product"}],"replies":[{"embeddable":true,"href":"https:\/\/promz.be\/fr\/wp-json\/wp\/v2\/comments?post=21704"}],"wp:featuredmedia":[{"embeddable":true,"href":"https:\/\/promz.be\/fr\/wp-json\/wp\/v2\/media\/21651"}],"wp:attachment":[{"href":"https:\/\/promz.be\/fr\/wp-json\/wp\/v2\/media?parent=21704"}],"wp:term":[{"taxonomy":"product_cat","embeddable":true,"href":"https:\/\/promz.be\/fr\/wp-json\/wp\/v2\/product_cat?post=21704"},{"taxonomy":"product_tag","embeddable":true,"href":"https:\/\/promz.be\/fr\/wp-json\/wp\/v2\/product_tag?post=21704"}],"curies":[{"name":"wp","href":"https:\/\/api.w.org\/{rel}","templated":true}]}}