{"id":21706,"date":"2018-08-07T00:00:00","date_gmt":"2018-08-06T22:00:00","guid":{"rendered":"https:\/\/promz.be\/product\/lunettes-de-soleil-monochromes\/"},"modified":"2018-08-07T00:00:00","modified_gmt":"2018-08-06T22:00:00","slug":"lunettes-de-soleil-monochromes","status":"publish","type":"product","link":"https:\/\/promz.be\/fr\/product\/lunettes-de-soleil-monochromes\/","title":{"rendered":"Lunettes de soleil monochromes"},"content":{"rendered":"<p>Lunettes de soleil avec lunettes \u00e0 miroir (appel\u00e9es lunettes monochromes). Disponible en diff\u00e9rentes couleurs, avec protection UV400.<\/p>\n","protected":false},"excerpt":{"rendered":"<p>Lunettes de soleil avec lunettes \u00e0 miroir (appel\u00e9es lunettes monochromes). Disponible en diff\u00e9rentes couleurs, avec protection UV400. [&#8230;]<\/p>\n<p><a class=\"btn btn-secondary understrap-read-more-link\" href=\"https:\/\/promz.be\/fr\/product\/lunettes-de-soleil-monochromes\/\">Lire la suite&#8230;<\/a><\/p>\n","protected":false},"featured_media":21655,"comment_status":"closed","ping_status":"open","template":"","meta":[],"product_cat":[1014,957,1041,1001,954],"product_tag":[3412,7048,7049,7050],"_links":{"self":[{"href":"https:\/\/promz.be\/fr\/wp-json\/wp\/v2\/product\/21706"}],"collection":[{"href":"https:\/\/promz.be\/fr\/wp-json\/wp\/v2\/product"}],"about":[{"href":"https:\/\/promz.be\/fr\/wp-json\/wp\/v2\/types\/product"}],"replies":[{"embeddable":true,"href":"https:\/\/promz.be\/fr\/wp-json\/wp\/v2\/comments?post=21706"}],"wp:featuredmedia":[{"embeddable":true,"href":"https:\/\/promz.be\/fr\/wp-json\/wp\/v2\/media\/21655"}],"wp:attachment":[{"href":"https:\/\/promz.be\/fr\/wp-json\/wp\/v2\/media?parent=21706"}],"wp:term":[{"taxonomy":"product_cat","embeddable":true,"href":"https:\/\/promz.be\/fr\/wp-json\/wp\/v2\/product_cat?post=21706"},{"taxonomy":"product_tag","embeddable":true,"href":"https:\/\/promz.be\/fr\/wp-json\/wp\/v2\/product_tag?post=21706"}],"curies":[{"name":"wp","href":"https:\/\/api.w.org\/{rel}","templated":true}]}}