{"id":22550,"date":"2019-05-17T15:12:02","date_gmt":"2019-05-17T13:12:02","guid":{"rendered":"https:\/\/promz.be\/product\/serviette-a-sechage-rapide\/"},"modified":"2019-05-17T15:12:02","modified_gmt":"2019-05-17T13:12:02","slug":"serviette-a-sechage-rapide","status":"publish","type":"product","link":"https:\/\/promz.be\/fr\/product\/serviette-a-sechage-rapide\/","title":{"rendered":"Serviette \u00e0 s\u00e9chage rapide"},"content":{"rendered":"<p>serviette de toilette s\u00e9chage rapide avec pochette<\/p>\n<p>Serviette super confortable en microfibre \u00e0 s\u00e9chage rapide (200 g\/m2 &#8211; format: 70x140cm). Prix incluant une impression quadri sur une face. Possibilit\u00e9 d&#8217;imprimer \u00e9galement le verso en quadri. La couleur de la couture peut \u00e9galement \u00eatre r\u00e9alis\u00e9e \u00e0 partir de vos couleurs. D\u00e9lai de production : environ 4-6 semaines selon la quantit\u00e9. Autres formats disponibles.<\/p>\n<p><a href=\"https:\/\/www.jvogifts.be\/sneldrogende-handdoek-met-custom-made-print-en-tas\" target=\"_blank\" rel=\"noopener noreferrer\">Contactez-bous pour de plius amples informations.<\/a><\/p>\n","protected":false},"excerpt":{"rendered":"<p>serviette de toilette s\u00e9chage rapide avec pochette<\/p>\n<p>Serviette super confortable en microfibre \u00e0 s\u00e9chage rapide (200 g\/m2 &#8211; format: 70x140cm). Prix incluant une impression quadri sur une face. Possibilit\u00e9 d&#8217;imprimer \u00e9galement le verso en quadri. La couleur de la couture peut \u00e9galement \u00eatre r\u00e9alis\u00e9e \u00e0 partir de vos couleurs. D\u00e9lai de production : environ 4-6 semaines selon la quantit\u00e9. Autres formats disponibles.<\/p>\n<p><a href=\"https:\/\/www.jvogifts.be\/sneldrogende-handdoek-met-custom-made-print-en-tas\" target=\"_blank\" rel=\"noopener noreferrer\">Contactez-bous pour de plius amples informations.<\/a> [&#8230;]<\/p>\n<p><a class=\"btn btn-secondary understrap-read-more-link\" href=\"https:\/\/promz.be\/fr\/product\/serviette-a-sechage-rapide\/\">Lire la suite&#8230;<\/a><\/p>\n","protected":false},"featured_media":22549,"comment_status":"open","ping_status":"closed","template":"","meta":[],"product_cat":[8745],"product_tag":[],"_links":{"self":[{"href":"https:\/\/promz.be\/fr\/wp-json\/wp\/v2\/product\/22550"}],"collection":[{"href":"https:\/\/promz.be\/fr\/wp-json\/wp\/v2\/product"}],"about":[{"href":"https:\/\/promz.be\/fr\/wp-json\/wp\/v2\/types\/product"}],"replies":[{"embeddable":true,"href":"https:\/\/promz.be\/fr\/wp-json\/wp\/v2\/comments?post=22550"}],"wp:featuredmedia":[{"embeddable":true,"href":"https:\/\/promz.be\/fr\/wp-json\/wp\/v2\/media\/22549"}],"wp:attachment":[{"href":"https:\/\/promz.be\/fr\/wp-json\/wp\/v2\/media?parent=22550"}],"wp:term":[{"taxonomy":"product_cat","embeddable":true,"href":"https:\/\/promz.be\/fr\/wp-json\/wp\/v2\/product_cat?post=22550"},{"taxonomy":"product_tag","embeddable":true,"href":"https:\/\/promz.be\/fr\/wp-json\/wp\/v2\/product_tag?post=22550"}],"curies":[{"name":"wp","href":"https:\/\/api.w.org\/{rel}","templated":true}]}}