{"id":22580,"date":"2019-05-20T10:19:48","date_gmt":"2019-05-20T08:19:48","guid":{"rendered":"https:\/\/promz.be\/product\/serviette-de-plage-circle\/"},"modified":"2019-05-20T10:28:53","modified_gmt":"2019-05-20T08:28:53","slug":"serviette-de-plage-circle","status":"publish","type":"product","link":"https:\/\/promz.be\/fr\/product\/serviette-de-plage-circle\/","title":{"rendered":"Serviette de plage Circle"},"content":{"rendered":"<p><strong>Cette serviette de plage ronde est un cadeau promotionnel original \u00e0 offrir pendant l\u2019\u00e9t\u00e9. <\/strong><\/p>\n<p>La serviette de plage en couleurs vives avec impression peut \u00e9galement \u00eatre personnalis\u00e9 avec votre propre logo et \/ ou texte. Cela veut dire qu\u2019on peut parfaitement l\u2019utiliser comme objet publicitaire.<\/p>\n<p>La serviette de plage a un diam\u00e8tre de 150 centim\u00e8tres.<br \/>\nLa serviette de plage peut aussi servir comme couverture de pique-nique ou comme couverture.<br \/>\n\u2714 A partir de 8,00 \u20ac par pi\u00e8ce<br \/>\n\u2714 Peut \u00eatre imprim\u00e9 \u00e0 partir de 24 pi\u00e8ces<br \/>\n\u2714 Disponible en 4 couleurs<\/p>\n","protected":false},"excerpt":{"rendered":"<p><strong>Cette serviette de plage ronde est un cadeau promotionnel original \u00e0 offrir pendant l\u2019\u00e9t\u00e9. <\/strong><\/p>\n<p>La serviette de plage en couleurs vives avec impression peut \u00e9galement \u00eatre personnalis\u00e9 avec votre propre logo et \/ ou texte. Cela veut dire qu\u2019on peut parfaitement l\u2019utiliser comme objet publicitaire.<\/p>\n<p>La serviette de plage a un diam\u00e8tre de 150 centim\u00e8tres.<br \/>\nLa serviette de plage peut aussi servir comme couverture de pique-nique ou comme couverture.<br \/>\n\u2714 A partir de 8,00 \u20ac par pi\u00e8ce<br \/>\n\u2714 Peut \u00eatre imprim\u00e9 \u00e0 partir de 24 pi\u00e8ces<br \/>\n\u2714 Disponible en 4 couleurs [&#8230;]<\/p>\n<p><a class=\"btn btn-secondary understrap-read-more-link\" href=\"https:\/\/promz.be\/fr\/product\/serviette-de-plage-circle\/\">Lire la suite&#8230;<\/a><\/p>\n","protected":false},"featured_media":22564,"comment_status":"open","ping_status":"closed","template":"","meta":[],"product_cat":[952,1025,966,949,963],"product_tag":[],"_links":{"self":[{"href":"https:\/\/promz.be\/fr\/wp-json\/wp\/v2\/product\/22580"}],"collection":[{"href":"https:\/\/promz.be\/fr\/wp-json\/wp\/v2\/product"}],"about":[{"href":"https:\/\/promz.be\/fr\/wp-json\/wp\/v2\/types\/product"}],"replies":[{"embeddable":true,"href":"https:\/\/promz.be\/fr\/wp-json\/wp\/v2\/comments?post=22580"}],"wp:featuredmedia":[{"embeddable":true,"href":"https:\/\/promz.be\/fr\/wp-json\/wp\/v2\/media\/22564"}],"wp:attachment":[{"href":"https:\/\/promz.be\/fr\/wp-json\/wp\/v2\/media?parent=22580"}],"wp:term":[{"taxonomy":"product_cat","embeddable":true,"href":"https:\/\/promz.be\/fr\/wp-json\/wp\/v2\/product_cat?post=22580"},{"taxonomy":"product_tag","embeddable":true,"href":"https:\/\/promz.be\/fr\/wp-json\/wp\/v2\/product_tag?post=22580"}],"curies":[{"name":"wp","href":"https:\/\/api.w.org\/{rel}","templated":true}]}}