{"id":22581,"date":"2019-05-17T14:55:13","date_gmt":"2019-05-17T12:55:13","guid":{"rendered":"https:\/\/promz.be\/product\/torche-de-survie\/"},"modified":"2019-05-17T14:55:13","modified_gmt":"2019-05-17T12:55:13","slug":"torche-de-survie","status":"publish","type":"product","link":"https:\/\/promz.be\/fr\/product\/torche-de-survie\/","title":{"rendered":"Torche de survie"},"content":{"rendered":"<p>Torche en aluminium compacte et l\u00e9g\u00e8re \u00e0 LED 3W id\u00e9ale lors d&#8217;un voyage de survie ou au camping. Livr\u00e9e dans une bo\u00eete cadeau comprenant 3 piles AAA. <\/p>\n<p>Gravure laser sur la poign\u00e9e.<\/p>\n","protected":false},"excerpt":{"rendered":"<p>Torche en aluminium compacte et l\u00e9g\u00e8re \u00e0 LED 3W id\u00e9ale lors d&#8217;un voyage de survie ou au camping. Livr\u00e9e dans une bo\u00eete cadeau comprenant 3 piles AAA.<\/p>\n<p>Gravure laser sur la poign\u00e9e. [&#8230;]<\/p>\n<p><a class=\"btn btn-secondary understrap-read-more-link\" href=\"https:\/\/promz.be\/fr\/product\/torche-de-survie\/\">Lire la suite&#8230;<\/a><\/p>\n","protected":false},"featured_media":22542,"comment_status":"open","ping_status":"closed","template":"","meta":[],"product_cat":[961,952,966,957,1038],"product_tag":[],"_links":{"self":[{"href":"https:\/\/promz.be\/fr\/wp-json\/wp\/v2\/product\/22581"}],"collection":[{"href":"https:\/\/promz.be\/fr\/wp-json\/wp\/v2\/product"}],"about":[{"href":"https:\/\/promz.be\/fr\/wp-json\/wp\/v2\/types\/product"}],"replies":[{"embeddable":true,"href":"https:\/\/promz.be\/fr\/wp-json\/wp\/v2\/comments?post=22581"}],"wp:featuredmedia":[{"embeddable":true,"href":"https:\/\/promz.be\/fr\/wp-json\/wp\/v2\/media\/22542"}],"wp:attachment":[{"href":"https:\/\/promz.be\/fr\/wp-json\/wp\/v2\/media?parent=22581"}],"wp:term":[{"taxonomy":"product_cat","embeddable":true,"href":"https:\/\/promz.be\/fr\/wp-json\/wp\/v2\/product_cat?post=22581"},{"taxonomy":"product_tag","embeddable":true,"href":"https:\/\/promz.be\/fr\/wp-json\/wp\/v2\/product_tag?post=22581"}],"curies":[{"name":"wp","href":"https:\/\/api.w.org\/{rel}","templated":true}]}}