{"id":22596,"date":"2019-05-20T12:07:57","date_gmt":"2019-05-20T10:07:57","guid":{"rendered":"https:\/\/promz.be\/product\/minibeachflag\/"},"modified":"2019-05-20T12:07:57","modified_gmt":"2019-05-20T10:07:57","slug":"minibeachflag","status":"publish","type":"product","link":"https:\/\/promz.be\/fr\/product\/minibeachflag\/","title":{"rendered":"Minibeachflag"},"content":{"rendered":"<p><strong>Les drapeaux MiniBeach sont \u00e9galement appel\u00e9s drapeaux de table et peuvent \u00eatre parfaitement imprim\u00e9s avec votre propre logo.<\/strong><\/p>\n<p>Le mini-drapeau est un moyen de communication id\u00e9al pour les \u00e9v\u00e9nements \/ conf\u00e9rences. Le meilleur sur le monde. Le logo est parfait. Le logo est parfait.<\/p>\n<p>En combinatie avec les langues officielles, les normes sont plus \u00e9lev\u00e9es que le budget, mais elles sont peu co\u00fbteuses.<\/p>\n<p>Oser cr\u00e9er, le marquer!<\/p>\n","protected":false},"excerpt":{"rendered":"<p><strong>Les drapeaux MiniBeach sont \u00e9galement appel\u00e9s drapeaux de table et peuvent \u00eatre parfaitement imprim\u00e9s avec votre propre logo.<\/strong><\/p>\n<p>Le mini-drapeau est un moyen de communication id\u00e9al pour les \u00e9v\u00e9nements \/ conf\u00e9rences. Le meilleur sur le monde. Le logo est parfait. Le logo est parfait.<\/p>\n<p>En combinatie avec les langues officielles, les normes sont plus \u00e9lev\u00e9es que le budget, mais elles sont peu co\u00fbteuses.<\/p>\n<p>Oser cr\u00e9er, le marquer! [&#8230;]<\/p>\n<p><a class=\"btn btn-secondary understrap-read-more-link\" href=\"https:\/\/promz.be\/fr\/product\/minibeachflag\/\">Lire la suite&#8230;<\/a><\/p>\n","protected":false},"featured_media":22587,"comment_status":"open","ping_status":"closed","template":"","meta":[],"product_cat":[952,948,957,1033,1001,1020],"product_tag":[],"_links":{"self":[{"href":"https:\/\/promz.be\/fr\/wp-json\/wp\/v2\/product\/22596"}],"collection":[{"href":"https:\/\/promz.be\/fr\/wp-json\/wp\/v2\/product"}],"about":[{"href":"https:\/\/promz.be\/fr\/wp-json\/wp\/v2\/types\/product"}],"replies":[{"embeddable":true,"href":"https:\/\/promz.be\/fr\/wp-json\/wp\/v2\/comments?post=22596"}],"wp:featuredmedia":[{"embeddable":true,"href":"https:\/\/promz.be\/fr\/wp-json\/wp\/v2\/media\/22587"}],"wp:attachment":[{"href":"https:\/\/promz.be\/fr\/wp-json\/wp\/v2\/media?parent=22596"}],"wp:term":[{"taxonomy":"product_cat","embeddable":true,"href":"https:\/\/promz.be\/fr\/wp-json\/wp\/v2\/product_cat?post=22596"},{"taxonomy":"product_tag","embeddable":true,"href":"https:\/\/promz.be\/fr\/wp-json\/wp\/v2\/product_tag?post=22596"}],"curies":[{"name":"wp","href":"https:\/\/api.w.org\/{rel}","templated":true}]}}