{"id":22609,"date":"2019-05-20T15:05:17","date_gmt":"2019-05-20T13:05:36","guid":{"rendered":"https:\/\/promz.be\/?post_type=product&#038;p=22609"},"modified":"2019-05-20T15:05:36","modified_gmt":"2019-05-20T13:05:36","slug":"avec-ces-3-droles-de-jeux-de-voyage-les-longs-trajets-passeront-en-un-clin-doe","status":"publish","type":"product","link":"https:\/\/promz.be\/fr\/product\/avec-ces-3-droles-de-jeux-de-voyage-les-longs-trajets-passeront-en-un-clin-doe\/","title":{"rendered":"BACKSEAT GAMES: des jeux funs et personnalisables"},"content":{"rendered":"<p><strong>Avec ces 3 dr\u00f4les de jeux de voyage, les longs trajets passeront en un clin d\u2019\u0153il !<\/strong><\/p>\n<p>BACKSEAT GAMES: des jeux funs, simples et personnalisables! <\/p>\n<p>Jouez avec les plaques d&#8217;immatriculation, reproduisez des s\u00e9ries de sons sans vous trompez ou d\u00e9couvrez le mot auquel pense un autre joueur: avec ces 3 dr\u00f4les de jeux de voyage, les longs trajets passeront en un clin d\u2019\u0153il ! A partir de 200 jeux!<\/p>\n","protected":false},"excerpt":{"rendered":"<p><strong>Avec ces 3 dr\u00f4les de jeux de voyage, les longs trajets passeront en un clin d\u2019\u0153il !<\/strong><\/p>\n<p>BACKSEAT GAMES: des jeux funs, simples et personnalisables! <\/p>\n<p>Jouez avec les plaques d&#8217;immatriculation, reproduisez des s\u00e9ries de sons sans vous trompez ou d\u00e9couvrez le mot auquel pense un autre joueur: avec ces 3 dr\u00f4les de jeux de voyage, les longs trajets passeront en un clin d\u2019\u0153il ! A partir de 200 jeux! [&#8230;]<\/p>\n<p><a class=\"btn btn-secondary understrap-read-more-link\" href=\"https:\/\/promz.be\/fr\/product\/avec-ces-3-droles-de-jeux-de-voyage-les-longs-trajets-passeront-en-un-clin-doe\/\">Lire la suite&#8230;<\/a><\/p>\n","protected":false},"featured_media":22608,"comment_status":"open","ping_status":"closed","template":"","meta":[],"product_cat":[1023,957,1022,953,992],"product_tag":[],"_links":{"self":[{"href":"https:\/\/promz.be\/fr\/wp-json\/wp\/v2\/product\/22609"}],"collection":[{"href":"https:\/\/promz.be\/fr\/wp-json\/wp\/v2\/product"}],"about":[{"href":"https:\/\/promz.be\/fr\/wp-json\/wp\/v2\/types\/product"}],"replies":[{"embeddable":true,"href":"https:\/\/promz.be\/fr\/wp-json\/wp\/v2\/comments?post=22609"}],"wp:featuredmedia":[{"embeddable":true,"href":"https:\/\/promz.be\/fr\/wp-json\/wp\/v2\/media\/22608"}],"wp:attachment":[{"href":"https:\/\/promz.be\/fr\/wp-json\/wp\/v2\/media?parent=22609"}],"wp:term":[{"taxonomy":"product_cat","embeddable":true,"href":"https:\/\/promz.be\/fr\/wp-json\/wp\/v2\/product_cat?post=22609"},{"taxonomy":"product_tag","embeddable":true,"href":"https:\/\/promz.be\/fr\/wp-json\/wp\/v2\/product_tag?post=22609"}],"curies":[{"name":"wp","href":"https:\/\/api.w.org\/{rel}","templated":true}]}}