{"id":22673,"date":"2019-05-22T12:09:16","date_gmt":"2019-05-22T10:09:16","guid":{"rendered":"https:\/\/promz.be\/product\/preparez-vous-pour-lete\/"},"modified":"2019-05-22T12:09:16","modified_gmt":"2019-05-22T10:09:16","slug":"preparez-vous-pour-lete","status":"publish","type":"product","link":"https:\/\/promz.be\/fr\/product\/preparez-vous-pour-lete\/","title":{"rendered":"Chaises de plage"},"content":{"rendered":"<p><strong>Pr\u00e9parez-vous pour l&#8217;\u00e9t\u00e9!<\/strong><\/p>\n<p>Van Bavel est pr\u00eat pour l&#8217;\u00e9t\u00e9. Avec notre nouvelle gamme, nous ferons de votre soci\u00e9t\u00e9 une valeur ajout\u00e9.<\/p>\n","protected":false},"excerpt":{"rendered":"<p><strong>Pr\u00e9parez-vous pour l&#8217;\u00e9t\u00e9!<\/strong><\/p>\n<p>Van Bavel est pr\u00eat pour l&#8217;\u00e9t\u00e9. Avec notre nouvelle gamme, nous ferons de votre soci\u00e9t\u00e9 une valeur ajout\u00e9. [&#8230;]<\/p>\n<p><a class=\"btn btn-secondary understrap-read-more-link\" href=\"https:\/\/promz.be\/fr\/product\/preparez-vous-pour-lete\/\">Lire la suite&#8230;<\/a><\/p>\n","protected":false},"featured_media":22672,"comment_status":"open","ping_status":"closed","template":"","meta":[],"product_cat":[952,1025,986,966,957],"product_tag":[],"_links":{"self":[{"href":"https:\/\/promz.be\/fr\/wp-json\/wp\/v2\/product\/22673"}],"collection":[{"href":"https:\/\/promz.be\/fr\/wp-json\/wp\/v2\/product"}],"about":[{"href":"https:\/\/promz.be\/fr\/wp-json\/wp\/v2\/types\/product"}],"replies":[{"embeddable":true,"href":"https:\/\/promz.be\/fr\/wp-json\/wp\/v2\/comments?post=22673"}],"wp:featuredmedia":[{"embeddable":true,"href":"https:\/\/promz.be\/fr\/wp-json\/wp\/v2\/media\/22672"}],"wp:attachment":[{"href":"https:\/\/promz.be\/fr\/wp-json\/wp\/v2\/media?parent=22673"}],"wp:term":[{"taxonomy":"product_cat","embeddable":true,"href":"https:\/\/promz.be\/fr\/wp-json\/wp\/v2\/product_cat?post=22673"},{"taxonomy":"product_tag","embeddable":true,"href":"https:\/\/promz.be\/fr\/wp-json\/wp\/v2\/product_tag?post=22673"}],"curies":[{"name":"wp","href":"https:\/\/api.w.org\/{rel}","templated":true}]}}