{"id":22717,"date":"2019-05-22T11:41:49","date_gmt":"2019-05-22T09:41:49","guid":{"rendered":"https:\/\/promz.be\/product\/noubliez-pas-vos-lunettes-de-soleil-publicitaires-pour-cet-ete\/"},"modified":"2019-05-23T15:26:56","modified_gmt":"2019-05-23T13:26:56","slug":"lunettes-de-soleil","status":"publish","type":"product","link":"https:\/\/promz.be\/fr\/product\/lunettes-de-soleil\/","title":{"rendered":"Lunettes de soleil publicitaires"},"content":{"rendered":"<p><strong>N\u2019oubliez pas vos lunettes de soleil publicitaires pour cet \u00e9t\u00e9 !<\/strong><\/p>\n<p>Les lunettes publicitaires sont des objets de promotion efficaces pour booster la visibilit\u00e9 de votre entreprise ou votre marque.<br \/>\nNous les utilisons tous et elles permettent parfaitement d\u2019afficher votre logo de mani\u00e8re visible et efficace.<br \/>\nSoir\u00e9e sp\u00e9ciale, mariage, s\u00e9minaire, \u00e9v\u00e9nement sportif ou culturel \u2026 elles feront toujours plaisir comme cadeaux de bienvenue.<\/p>\n<p>Supportez vos campagnes promotionnelles avec des lunettes de soleil personnalis\u00e9es \u2026 elles donnent votre logo ou marque un look incontournable !<br \/>\nN\u2019attendez plus et profitez de notre offre de promotion.<br \/>\nNous aimerions bien vous faire une offre sur mesure comme vous voulez.<\/p>\n","protected":false},"excerpt":{"rendered":"<p><strong>N\u2019oubliez pas vos lunettes de soleil publicitaires pour cet \u00e9t\u00e9 !<\/strong><\/p>\n<p>Les lunettes publicitaires sont des objets de promotion efficaces pour booster la visibilit\u00e9 de votre entreprise ou votre marque.<br \/>\nNous les utilisons tous et elles permettent parfaitement d\u2019afficher votre logo de mani\u00e8re visible et efficace.<br \/>\nSoir\u00e9e sp\u00e9ciale, mariage, s\u00e9minaire, \u00e9v\u00e9nement sportif ou culturel \u2026 elles feront toujours plaisir comme cadeaux de bienvenue.<\/p>\n<p>Supportez vos campagnes promotionnelles avec des lunettes de soleil personnalis\u00e9es \u2026 elles donnent votre logo ou marque un look incontournable !<br \/>\nN\u2019attendez plus et profitez de notre offre de promotion.<br \/>\nNous aimerions bien vous faire une offre sur mesure comme vous voulez. [&#8230;]<\/p>\n<p><a class=\"btn btn-secondary understrap-read-more-link\" href=\"https:\/\/promz.be\/fr\/product\/lunettes-de-soleil\/\">Lire la suite&#8230;<\/a><\/p>\n","protected":false},"featured_media":22667,"comment_status":"open","ping_status":"closed","template":"","meta":[],"product_cat":[993,952,957,1041,955,983],"product_tag":[],"_links":{"self":[{"href":"https:\/\/promz.be\/fr\/wp-json\/wp\/v2\/product\/22717"}],"collection":[{"href":"https:\/\/promz.be\/fr\/wp-json\/wp\/v2\/product"}],"about":[{"href":"https:\/\/promz.be\/fr\/wp-json\/wp\/v2\/types\/product"}],"replies":[{"embeddable":true,"href":"https:\/\/promz.be\/fr\/wp-json\/wp\/v2\/comments?post=22717"}],"wp:featuredmedia":[{"embeddable":true,"href":"https:\/\/promz.be\/fr\/wp-json\/wp\/v2\/media\/22667"}],"wp:attachment":[{"href":"https:\/\/promz.be\/fr\/wp-json\/wp\/v2\/media?parent=22717"}],"wp:term":[{"taxonomy":"product_cat","embeddable":true,"href":"https:\/\/promz.be\/fr\/wp-json\/wp\/v2\/product_cat?post=22717"},{"taxonomy":"product_tag","embeddable":true,"href":"https:\/\/promz.be\/fr\/wp-json\/wp\/v2\/product_tag?post=22717"}],"curies":[{"name":"wp","href":"https:\/\/api.w.org\/{rel}","templated":true}]}}