{"id":22867,"date":"2019-06-13T12:15:25","date_gmt":"2019-06-13T10:15:26","guid":{"rendered":"https:\/\/promz.be\/?post_type=product&#038;p=22867"},"modified":"2019-07-16T09:53:05","modified_gmt":"2019-07-16T07:53:05","slug":"fsxw302-xtorm-power-bank-wireless-6000-essence","status":"publish","type":"product","link":"https:\/\/promz.be\/fr\/product\/fsxw302-xtorm-power-bank-wireless-6000-essence\/","title":{"rendered":"FSXW302 Xtorm Power Bank Wireless 6000 Essence"},"content":{"rendered":"<p><strong>Le bloc d\u2019alimentation sans fil Essence est un moyen simple de recharger votre smartphone sans fil. Il suffit d\u2019appuyer sur le bouton et de placer votre smartphone sur la surface du bloc d\u2019alimentation pour commencer \u00e0 le recharger. Vous n\u2019avez m\u00eame pas besoin d\u2019enlever votre \u00e9tui de protection, Essence est con\u00e7u de telle mani\u00e8re \u00e0 effectuer la recharge \u00e0 travers les \u00e9tuis en toute facilit\u00e9. <\/strong><\/p>\n<p>La possibilit\u00e9 de recharger votre smartphone sans fil o\u00f9 que vous soyez vous \u00e9vite les tracas des c\u00e2bles de recharge perdus ou enchev\u00eatr\u00e9s. La combinaison d\u2019une conception conviviale et d\u2019excellentes fonctionnalit\u00e9s rend ce bloc d\u2019alimentation id\u00e9al pour vos d\u00e9placements.<br \/>\nEn plus de la recharge sans fil, il est \u00e9galement possible de charger des p\u00e9riph\u00e9riques via l\u2019un des deux ports USB, ainsi que le port USB-C\u2122. Essence a une batterie interne de 6000 mAh, qui contient suffisamment d\u2019\u00e9nergie pour recharger un smartphone au moins deux fois. Le bloc d\u2019alimentation peut m\u00eame fonctionner comme un chargeur quand il est connect\u00e9 \u00e0 un adaptateur USB.<\/p>\n","protected":false},"excerpt":{"rendered":"<p><strong>Le bloc d\u2019alimentation sans fil Essence est un moyen simple de recharger votre smartphone sans fil. Il suffit d\u2019appuyer sur le bouton et de placer votre smartphone sur la surface du bloc d\u2019alimentation pour commencer \u00e0 le recharger. Vous n\u2019avez m\u00eame pas besoin d\u2019enlever votre \u00e9tui de protection, Essence est con\u00e7u de telle mani\u00e8re \u00e0 effectuer la recharge \u00e0 travers les \u00e9tuis en toute facilit\u00e9. <\/strong><\/p>\n<p>La possibilit\u00e9 de recharger votre smartphone sans fil o\u00f9 que vous soyez vous \u00e9vite les tracas des c\u00e2bles de recharge perdus ou enchev\u00eatr\u00e9s. La combinaison d\u2019une conception conviviale et d\u2019excellentes fonctionnalit\u00e9s rend ce bloc d\u2019alimentation id\u00e9al pour vos d\u00e9placements.<br \/>\nEn plus de la recharge sans fil, il est \u00e9galement possible de charger des p\u00e9riph\u00e9riques via l\u2019un des deux ports USB, ainsi que le port USB-C\u2122. Essence a une batterie interne de 6000 mAh, qui contient suffisamment d\u2019\u00e9nergie pour recharger un smartphone au moins deux fois. Le bloc d\u2019alimentation peut m\u00eame fonctionner comme un chargeur quand il est connect\u00e9 \u00e0 un adaptateur USB. [&#8230;]<\/p>\n<p><a class=\"btn btn-secondary understrap-read-more-link\" href=\"https:\/\/promz.be\/fr\/product\/fsxw302-xtorm-power-bank-wireless-6000-essence\/\">Lire la suite&#8230;<\/a><\/p>\n","protected":false},"featured_media":24139,"comment_status":"closed","ping_status":"closed","template":"","meta":[],"product_cat":[1026,1006,956],"product_tag":[6149],"_links":{"self":[{"href":"https:\/\/promz.be\/fr\/wp-json\/wp\/v2\/product\/22867"}],"collection":[{"href":"https:\/\/promz.be\/fr\/wp-json\/wp\/v2\/product"}],"about":[{"href":"https:\/\/promz.be\/fr\/wp-json\/wp\/v2\/types\/product"}],"replies":[{"embeddable":true,"href":"https:\/\/promz.be\/fr\/wp-json\/wp\/v2\/comments?post=22867"}],"wp:featuredmedia":[{"embeddable":true,"href":"https:\/\/promz.be\/fr\/wp-json\/wp\/v2\/media\/24139"}],"wp:attachment":[{"href":"https:\/\/promz.be\/fr\/wp-json\/wp\/v2\/media?parent=22867"}],"wp:term":[{"taxonomy":"product_cat","embeddable":true,"href":"https:\/\/promz.be\/fr\/wp-json\/wp\/v2\/product_cat?post=22867"},{"taxonomy":"product_tag","embeddable":true,"href":"https:\/\/promz.be\/fr\/wp-json\/wp\/v2\/product_tag?post=22867"}],"curies":[{"name":"wp","href":"https:\/\/api.w.org\/{rel}","templated":true}]}}