{"id":22871,"date":"2019-06-13T12:21:40","date_gmt":"2019-06-13T10:21:41","guid":{"rendered":"https:\/\/promz.be\/?post_type=product&#038;p=22871"},"modified":"2019-07-14T15:07:39","modified_gmt":"2019-07-14T13:07:39","slug":"fs304-xtorm-power-bank-20-000-impact","status":"publish","type":"product","link":"https:\/\/promz.be\/fr\/product\/fs304-xtorm-power-bank-20-000-impact\/","title":{"rendered":"FS304 Xtorm Power Bank 20 000 Impact"},"content":{"rendered":"<p><strong>Chargez rapidement votre vie avec un bloc d\u2019alimentation Fuel Series 3. Il d\u00e9livre de la puissance quand vous en avez le plus besoin et vous donne davantage d\u2019\u00e9nergie pour vivre pleinement.<\/strong><\/p>\n<h2>Con\u00e7u pour la vie<\/h2>\n<p>Un bloc d\u2019alimentation Fuel Series 3 est un moyen simple de recharger rapidement votre smartphone et vos autres appareils mobiles \u00e0 une vitesse incroyable. Sa conception conviviale et son profil fin permettent de l\u2019emporter partout avec vous. Alors dynamisez rapidement votre t\u00e9l\u00e9phone et profitez de nouveau de la vie sans avoir \u00e0 vous soucier d\u2019un chargeur mural lent. Ce bloc d\u2019alimentation suit tout ce que vous d\u00e9cidez de faire.<\/p>\n<h2>Des caract\u00e9ristiques puissantes<\/h2>\n<p>Malgr\u00e9 sa conception compacte, il offre une sortie puissante de 18W fournie par USB-C Power Delivery, ainsi que par Quick Charge 3.0. Ainsi, vous pouvez charger rapidement des appareils Android et des iPhone d\u2019Apple (en utilisant un c\u00e2ble USB-C vers Lightning). La batterie de grande capacit\u00e9 signifie que vous pouvez facilement charger votre smartphone jusqu\u2019\u00e0 8X.<\/p>\n<p>En bref :<br \/>\n\u2022 Compact et de poids l\u00e9ger<br \/>\n\u2022 Recharge votre smartphone 8X.<br \/>\n\u2022 Id\u00e9al pour les d\u00e9placements.<\/p>\n","protected":false},"excerpt":{"rendered":"<p><strong>Chargez rapidement votre vie avec un bloc d\u2019alimentation Fuel Series 3. Il d\u00e9livre de la puissance quand vous en avez le plus besoin et vous donne davantage d\u2019\u00e9nergie pour vivre pleinement.<\/strong><\/p>\n<h2>Con\u00e7u pour la vie<\/h2>\n<p>Un bloc d\u2019alimentation Fuel Series 3 est un moyen simple de recharger rapidement votre smartphone et vos autres appareils mobiles \u00e0 une vitesse incroyable. Sa conception conviviale et son profil fin permettent de l\u2019emporter partout avec vous. Alors dynamisez rapidement votre t\u00e9l\u00e9phone et profitez de nouveau de la vie sans avoir \u00e0 vous soucier d\u2019un chargeur mural lent. Ce bloc d\u2019alimentation suit tout ce que vous d\u00e9cidez de faire.<\/p>\n<h2>Des caract\u00e9ristiques puissantes<\/h2>\n<p>Malgr\u00e9 sa conception compacte, il offre une sortie puissante de 18W fournie par USB-C Power Delivery, ainsi que par Quick Charge 3.0. Ainsi, vous pouvez charger rapidement des appareils Android et des iPhone d\u2019Apple (en utilisant un c\u00e2ble USB-C vers Lightning). La batterie de grande capacit\u00e9 signifie que vous pouvez facilement charger votre smartphone jusqu\u2019\u00e0 8X.<\/p>\n<p>En bref :<br \/>\n\u2022 Compact et de poids l\u00e9ger<br \/>\n\u2022 Recharge votre smartphone 8X.<br \/>\n\u2022 Id\u00e9al pour les d\u00e9placements. [&#8230;]<\/p>\n<p><a class=\"btn btn-secondary understrap-read-more-link\" href=\"https:\/\/promz.be\/fr\/product\/fs304-xtorm-power-bank-20-000-impact\/\">Lire la suite&#8230;<\/a><\/p>\n","protected":false},"featured_media":23986,"comment_status":"closed","ping_status":"closed","template":"","meta":[],"product_cat":[1026,1006,956],"product_tag":[6149],"_links":{"self":[{"href":"https:\/\/promz.be\/fr\/wp-json\/wp\/v2\/product\/22871"}],"collection":[{"href":"https:\/\/promz.be\/fr\/wp-json\/wp\/v2\/product"}],"about":[{"href":"https:\/\/promz.be\/fr\/wp-json\/wp\/v2\/types\/product"}],"replies":[{"embeddable":true,"href":"https:\/\/promz.be\/fr\/wp-json\/wp\/v2\/comments?post=22871"}],"wp:featuredmedia":[{"embeddable":true,"href":"https:\/\/promz.be\/fr\/wp-json\/wp\/v2\/media\/23986"}],"wp:attachment":[{"href":"https:\/\/promz.be\/fr\/wp-json\/wp\/v2\/media?parent=22871"}],"wp:term":[{"taxonomy":"product_cat","embeddable":true,"href":"https:\/\/promz.be\/fr\/wp-json\/wp\/v2\/product_cat?post=22871"},{"taxonomy":"product_tag","embeddable":true,"href":"https:\/\/promz.be\/fr\/wp-json\/wp\/v2\/product_tag?post=22871"}],"curies":[{"name":"wp","href":"https:\/\/api.w.org\/{rel}","templated":true}]}}