{"id":22873,"date":"2019-06-13T13:09:18","date_gmt":"2019-06-13T11:09:19","guid":{"rendered":"https:\/\/promz.be\/?post_type=product&#038;p=22873"},"modified":"2019-07-14T16:01:45","modified_gmt":"2019-07-14T14:01:45","slug":"fs305-xtorm-solar-charger-10-000-robust","status":"publish","type":"product","link":"https:\/\/promz.be\/fr\/product\/fs305-xtorm-solar-charger-10-000-robust\/","title":{"rendered":"FS305 Xtorm Solar Charger 10 000 Robust"},"content":{"rendered":"<p><strong>Le chargeur solaire robuste est un bloc d\u2019alimentation r\u00e9sistant et pratique avec un panneau solaire int\u00e9gr\u00e9, parfait si vous vivez une vie active.<\/strong><\/p>\n<h2>De puissantes caract\u00e9ristiques<\/h2>\n<p>Le chargeur solaire est pourvu d\u2019une batterie lithium-polym\u00e8re de 10 000 mAh, suffisamment puissante pour recharger un smartphone jusqu\u2019\u00e0 4 fois. Le chargeur solaire lui-m\u00eame peut \u00eatre recharg\u00e9 de deux mani\u00e8res, soit par USB, soit simplement en le sortant et en laissant le panneau solaire int\u00e9gr\u00e9 faire son travail. Les cellules SunPower\u00ae efficaces fonctionnent m\u00eame par temps nuageux !<\/p>\n<h2>\u00c0 l\u2019\u00e9preuve de la vie<\/h2>\n<p>Il s\u2019agit d\u2019un excellent bloc d\u2019alimentation polyvalent si vous menez une vie active et que vous avez besoin de vos appareils pour suivre tout ce que vous faites. Le chargeur solaire est prot\u00e9g\u00e9 contre les \u00e9claboussures, les projections d\u2019eau et poss\u00e8de une puissante lampe de poche \u00e0 LED int\u00e9gr\u00e9e, ce qui en fait la solution d\u2019alimentation id\u00e9ale.<\/p>\n","protected":false},"excerpt":{"rendered":"<p><strong>Le chargeur solaire robuste est un bloc d\u2019alimentation r\u00e9sistant et pratique avec un panneau solaire int\u00e9gr\u00e9, parfait si vous vivez une vie active.<\/strong><\/p>\n<h2>De puissantes caract\u00e9ristiques<\/h2>\n<p>Le chargeur solaire est pourvu d\u2019une batterie lithium-polym\u00e8re de 10 000 mAh, suffisamment puissante pour recharger un smartphone jusqu\u2019\u00e0 4 fois. Le chargeur solaire lui-m\u00eame peut \u00eatre recharg\u00e9 de deux mani\u00e8res, soit par USB, soit simplement en le sortant et en laissant le panneau solaire int\u00e9gr\u00e9 faire son travail. Les cellules SunPower\u00ae efficaces fonctionnent m\u00eame par temps nuageux !<\/p>\n<h2>\u00c0 l\u2019\u00e9preuve de la vie<\/h2>\n<p>Il s\u2019agit d\u2019un excellent bloc d\u2019alimentation polyvalent si vous menez une vie active et que vous avez besoin de vos appareils pour suivre tout ce que vous faites. Le chargeur solaire est prot\u00e9g\u00e9 contre les \u00e9claboussures, les projections d\u2019eau et poss\u00e8de une puissante lampe de poche \u00e0 LED int\u00e9gr\u00e9e, ce qui en fait la solution d\u2019alimentation id\u00e9ale. [&#8230;]<\/p>\n<p><a class=\"btn btn-secondary understrap-read-more-link\" href=\"https:\/\/promz.be\/fr\/product\/fs305-xtorm-solar-charger-10-000-robust\/\">Lire la suite&#8230;<\/a><\/p>\n","protected":false},"featured_media":23996,"comment_status":"closed","ping_status":"closed","template":"","meta":[],"product_cat":[1026,1006,956],"product_tag":[6149],"_links":{"self":[{"href":"https:\/\/promz.be\/fr\/wp-json\/wp\/v2\/product\/22873"}],"collection":[{"href":"https:\/\/promz.be\/fr\/wp-json\/wp\/v2\/product"}],"about":[{"href":"https:\/\/promz.be\/fr\/wp-json\/wp\/v2\/types\/product"}],"replies":[{"embeddable":true,"href":"https:\/\/promz.be\/fr\/wp-json\/wp\/v2\/comments?post=22873"}],"wp:featuredmedia":[{"embeddable":true,"href":"https:\/\/promz.be\/fr\/wp-json\/wp\/v2\/media\/23996"}],"wp:attachment":[{"href":"https:\/\/promz.be\/fr\/wp-json\/wp\/v2\/media?parent=22873"}],"wp:term":[{"taxonomy":"product_cat","embeddable":true,"href":"https:\/\/promz.be\/fr\/wp-json\/wp\/v2\/product_cat?post=22873"},{"taxonomy":"product_tag","embeddable":true,"href":"https:\/\/promz.be\/fr\/wp-json\/wp\/v2\/product_tag?post=22873"}],"curies":[{"name":"wp","href":"https:\/\/api.w.org\/{rel}","templated":true}]}}