{"id":22875,"date":"2019-06-13T13:15:35","date_gmt":"2019-06-13T11:15:36","guid":{"rendered":"https:\/\/promz.be\/?post_type=product&#038;p=22875"},"modified":"2019-07-16T08:44:02","modified_gmt":"2019-07-16T06:44:02","slug":"xtorm-wireless-fast-charging-pad-solo-2","status":"publish","type":"product","link":"https:\/\/promz.be\/fr\/product\/xtorm-wireless-fast-charging-pad-solo-2\/","title":{"rendered":"Xtorm Wireless Fast Charging Pad Solo"},"content":{"rendered":"<p><strong>Les c\u00e2bles de recharge ont souvent l\u2019air d\u00e9sordonn\u00e9s et finissent toujours par dispara\u00eetre derri\u00e8re des meubles, juste quand vous en avez besoin. Le pav\u00e9 de recharge rapide sans fil Solo rend la recharge de votre smartphone super facile, tout en gardant votre maison \u00e0 la fois \u00e9l\u00e9gante et organis\u00e9e. <\/strong><\/p>\n<h2>Recharge sans fil<\/h2>\n<p>L\u2019utilisation de la technologie sans fil Qi dans le Solo est synonyme de recharge sans c\u00e2ble et sans encombrement, \u00e0 des vitesses allant jusqu\u2019\u00e0 10 W. Le dessus de la tablette de recharge comporte un \u00ab plus \u00bb antid\u00e9rapant, assurant que votre smartphone soit parfaitement positionn\u00e9 et ne glisse pas pendant la recharge. Finis les fils emm\u00eal\u00e9s sur votre bureau ou votre table de chevet. Il vous suffit de poser votre smartphone sur la surface du pav\u00e9 et la recharge d\u00e9marre automatiquement. Vous n\u2019avez m\u00eame pas besoin d\u2019enlever votre \u00e9tui de protection, le Solo est con\u00e7u de fa\u00e7on \u00e0 pouvoir effectuer la recharge \u00e0 travers les \u00e9tuis en toute facilit\u00e9.<\/p>\n","protected":false},"excerpt":{"rendered":"<p><strong>Les c\u00e2bles de recharge ont souvent l\u2019air d\u00e9sordonn\u00e9s et finissent toujours par dispara\u00eetre derri\u00e8re des meubles, juste quand vous en avez besoin. Le pav\u00e9 de recharge rapide sans fil Solo rend la recharge de votre smartphone super facile, tout en gardant votre maison \u00e0 la fois \u00e9l\u00e9gante et organis\u00e9e. <\/strong><\/p>\n<h2>Recharge sans fil<\/h2>\n<p>L\u2019utilisation de la technologie sans fil Qi dans le Solo est synonyme de recharge sans c\u00e2ble et sans encombrement, \u00e0 des vitesses allant jusqu\u2019\u00e0 10 W. Le dessus de la tablette de recharge comporte un \u00ab plus \u00bb antid\u00e9rapant, assurant que votre smartphone soit parfaitement positionn\u00e9 et ne glisse pas pendant la recharge. Finis les fils emm\u00eal\u00e9s sur votre bureau ou votre table de chevet. Il vous suffit de poser votre smartphone sur la surface du pav\u00e9 et la recharge d\u00e9marre automatiquement. Vous n\u2019avez m\u00eame pas besoin d\u2019enlever votre \u00e9tui de protection, le Solo est con\u00e7u de fa\u00e7on \u00e0 pouvoir effectuer la recharge \u00e0 travers les \u00e9tuis en toute facilit\u00e9. [&#8230;]<\/p>\n<p><a class=\"btn btn-secondary understrap-read-more-link\" href=\"https:\/\/promz.be\/fr\/product\/xtorm-wireless-fast-charging-pad-solo-2\/\">Lire la suite&#8230;<\/a><\/p>\n","protected":false},"featured_media":24118,"comment_status":"closed","ping_status":"closed","template":"","meta":[],"product_cat":[1026,1006,956],"product_tag":[6774],"_links":{"self":[{"href":"https:\/\/promz.be\/fr\/wp-json\/wp\/v2\/product\/22875"}],"collection":[{"href":"https:\/\/promz.be\/fr\/wp-json\/wp\/v2\/product"}],"about":[{"href":"https:\/\/promz.be\/fr\/wp-json\/wp\/v2\/types\/product"}],"replies":[{"embeddable":true,"href":"https:\/\/promz.be\/fr\/wp-json\/wp\/v2\/comments?post=22875"}],"wp:featuredmedia":[{"embeddable":true,"href":"https:\/\/promz.be\/fr\/wp-json\/wp\/v2\/media\/24118"}],"wp:attachment":[{"href":"https:\/\/promz.be\/fr\/wp-json\/wp\/v2\/media?parent=22875"}],"wp:term":[{"taxonomy":"product_cat","embeddable":true,"href":"https:\/\/promz.be\/fr\/wp-json\/wp\/v2\/product_cat?post=22875"},{"taxonomy":"product_tag","embeddable":true,"href":"https:\/\/promz.be\/fr\/wp-json\/wp\/v2\/product_tag?post=22875"}],"curies":[{"name":"wp","href":"https:\/\/api.w.org\/{rel}","templated":true}]}}