{"id":22877,"date":"2019-06-13T13:18:32","date_gmt":"2019-06-13T11:18:32","guid":{"rendered":"https:\/\/promz.be\/?post_type=product&#038;p=22877"},"modified":"2019-07-16T08:36:13","modified_gmt":"2019-07-16T06:36:13","slug":"cs032-xtorm-solid-blue-usb-c-lightning-cable-1m","status":"publish","type":"product","link":"https:\/\/promz.be\/fr\/product\/cs032-xtorm-solid-blue-usb-c-lightning-cable-1m\/","title":{"rendered":"CS032 Xtorm Solid Blue USB-C Lightning cable (1m)"},"content":{"rendered":"<p><strong>Ce c\u00e2ble USB-C \u00e0 Lightning est la solution id\u00e9ale si vous souhaitez utiliser la fonction de charge rapide sur certains mod\u00e8les d\u2019iPhone et d\u2019iPad Pro. Lorsque vous \u00eates connect\u00e9 \u00e0 un chargeur USB-C PD, vous pouvez charger votre iPhone jusqu&#8217;\u00e0 50% en 30 minutes, contre 19% avec un chargeur et un c\u00e2ble normaux.<\/strong><\/p>\n<p>Le c\u00e2ble est compos\u00e9 de nylon tiss\u00e9, ce qui le rend beaucoup plus durable que les c\u00e2bles ordinaires de chargement. Cela signifie que vous pouvez profiter de ses capacit\u00e9s de charge rapide beaucoup plus longtemps. De plus, vous pouvez \u00e9galement utiliser ce c\u00e2ble pour connecter votre iPhone, iPad ou iPod avec le connecteur Lightning \u00e0 votre Thunderbolt 3 (USB-C) Mac, iPad Pro ou autre p\u00e9riph\u00e9rique USB-C compatible pour la synchronisation et le chargement.<\/p>\n","protected":false},"excerpt":{"rendered":"<p><strong>Ce c\u00e2ble USB-C \u00e0 Lightning est la solution id\u00e9ale si vous souhaitez utiliser la fonction de charge rapide sur certains mod\u00e8les d\u2019iPhone et d\u2019iPad Pro. Lorsque vous \u00eates connect\u00e9 \u00e0 un chargeur USB-C PD, vous pouvez charger votre iPhone jusqu&#8217;\u00e0 50% en 30 minutes, contre 19% avec un chargeur et un c\u00e2ble normaux.<\/strong><\/p>\n<p>Le c\u00e2ble est compos\u00e9 de nylon tiss\u00e9, ce qui le rend beaucoup plus durable que les c\u00e2bles ordinaires de chargement. Cela signifie que vous pouvez profiter de ses capacit\u00e9s de charge rapide beaucoup plus longtemps. De plus, vous pouvez \u00e9galement utiliser ce c\u00e2ble pour connecter votre iPhone, iPad ou iPod avec le connecteur Lightning \u00e0 votre Thunderbolt 3 (USB-C) Mac, iPad Pro ou autre p\u00e9riph\u00e9rique USB-C compatible pour la synchronisation et le chargement. [&#8230;]<\/p>\n<p><a class=\"btn btn-secondary understrap-read-more-link\" href=\"https:\/\/promz.be\/fr\/product\/cs032-xtorm-solid-blue-usb-c-lightning-cable-1m\/\">Lire la suite&#8230;<\/a><\/p>\n","protected":false},"featured_media":24114,"comment_status":"closed","ping_status":"closed","template":"","meta":[],"product_cat":[1026,1006,956],"product_tag":[6774],"_links":{"self":[{"href":"https:\/\/promz.be\/fr\/wp-json\/wp\/v2\/product\/22877"}],"collection":[{"href":"https:\/\/promz.be\/fr\/wp-json\/wp\/v2\/product"}],"about":[{"href":"https:\/\/promz.be\/fr\/wp-json\/wp\/v2\/types\/product"}],"replies":[{"embeddable":true,"href":"https:\/\/promz.be\/fr\/wp-json\/wp\/v2\/comments?post=22877"}],"wp:featuredmedia":[{"embeddable":true,"href":"https:\/\/promz.be\/fr\/wp-json\/wp\/v2\/media\/24114"}],"wp:attachment":[{"href":"https:\/\/promz.be\/fr\/wp-json\/wp\/v2\/media?parent=22877"}],"wp:term":[{"taxonomy":"product_cat","embeddable":true,"href":"https:\/\/promz.be\/fr\/wp-json\/wp\/v2\/product_cat?post=22877"},{"taxonomy":"product_tag","embeddable":true,"href":"https:\/\/promz.be\/fr\/wp-json\/wp\/v2\/product_tag?post=22877"}],"curies":[{"name":"wp","href":"https:\/\/api.w.org\/{rel}","templated":true}]}}