{"id":22990,"date":"2019-06-25T09:44:46","date_gmt":"2019-06-25T07:44:46","guid":{"rendered":"https:\/\/promz.be\/product\/brasseur-de-cafe-ou-the\/"},"modified":"2019-06-25T09:50:36","modified_gmt":"2019-06-25T07:50:36","slug":"brasseur-de-cafe-ou-the","status":"publish","type":"product","link":"https:\/\/promz.be\/fr\/product\/brasseur-de-cafe-ou-the\/","title":{"rendered":"Brasseur de caf\u00e9 ou th\u00e9"},"content":{"rendered":"<p><strong>Cherchez-vous une bonne id\u00e9e pour votre prochaine campagne ou aimez-vous remercier vos clients avec un cadeau original ?<\/strong><br \/>\nNotre brasseur de caf\u00e9 ou th\u00e9 sera certainement une proposition id\u00e9ale pour votre soci\u00e9t\u00e9.<br \/>\nVous avez le choix entre le brasseur personnalis\u00e9 avec une \u00e9tiquette avec votre logo ou bien le brasseur (personnalis\u00e9) emball\u00e9 dans une pochette imprim\u00e9 en couleur.<\/p>\n<p>Vous pouvez d\u00e9j\u00e0 commander \u00e0 partir de 100 pi\u00e8ces.<\/p>\n<p>Le d\u00e9lai de livraison est entre 2-3 semaines.<\/p>\n<p>Voici quelques prix :<br \/>\nPour l\u2019achat de 100 pi\u00e8ces, brasseur personnalis\u00e9 : 2,32 EUR\/pi\u00e8ce<br \/>\nPour l\u2019achat de 250 pi\u00e8ces, brasseur personnalis\u00e9 : 1,98 EUR\/pi\u00e8ce<br \/>\nPour l\u2019achat de 500 pi\u00e8ces, brasseur personnalis\u00e9 : 1,82 EUR\/pi\u00e8ce<br \/>\nPour l\u2019achat de 100 pi\u00e8ces, brasseur personnalis\u00e9 + pochette en couleur : 3,33 EUR\/pi\u00e8ce<br \/>\nPour l\u2019achat de 250 pi\u00e8ces, brasseur personnalis\u00e9 + pochette en couleur : 2,99 EUR\/pi\u00e8ce<br \/>\nPour l\u2019achat de 500 pi\u00e8ces, brasseur personnalis\u00e9 + pochette en couleur : 2,25 EUR\/pi\u00e8ce<\/p>\n<p>Tout nos prix sont hors 21% tva<\/p>\n<p>Pour plus de questions ou une offre personnalis\u00e9e n\u2019h\u00e9sitez pas de nous contacter.<\/p>\n","protected":false},"excerpt":{"rendered":"<p><strong>Cherchez-vous une bonne id\u00e9e pour votre prochaine campagne ou aimez-vous remercier vos clients avec un cadeau original ?<\/strong><br \/>\nNotre brasseur de caf\u00e9 ou th\u00e9 sera certainement une proposition id\u00e9ale pour votre soci\u00e9t\u00e9.<br \/>\nVous avez le choix entre le brasseur personnalis\u00e9 avec une \u00e9tiquette avec votre logo ou bien le brasseur (personnalis\u00e9) emball\u00e9 dans une pochette imprim\u00e9 en couleur.<\/p>\n<p>Vous pouvez d\u00e9j\u00e0 commander \u00e0 partir de 100 pi\u00e8ces.<\/p>\n<p>Le d\u00e9lai de livraison est entre 2-3 semaines.<\/p>\n<p>Voici quelques prix :<br \/>\nPour l\u2019achat de 100 pi\u00e8ces, brasseur personnalis\u00e9 : 2,32 EUR\/pi\u00e8ce<br \/>\nPour l\u2019achat de 250 pi\u00e8ces, brasseur personnalis\u00e9 : 1,98 EUR\/pi\u00e8ce<br \/>\nPour l\u2019achat de 500 pi\u00e8ces, brasseur personnalis\u00e9 : 1,82 EUR\/pi\u00e8ce<br \/>\nPour l\u2019achat de 100 pi\u00e8ces, brasseur personnalis\u00e9 + pochette en couleur : 3,33 EUR\/pi\u00e8ce<br \/>\nPour l\u2019achat de 250 pi\u00e8ces, brasseur personnalis\u00e9 + pochette en couleur : 2,99 EUR\/pi\u00e8ce<br \/>\nPour l\u2019achat de 500 pi\u00e8ces, brasseur personnalis\u00e9 + pochette en couleur : 2,25 EUR\/pi\u00e8ce<\/p>\n<p>Tout nos prix sont hors 21% tva<\/p>\n<p>Pour plus de questions ou une offre personnalis\u00e9e n\u2019h\u00e9sitez pas de nous contacter. [&#8230;]<\/p>\n<p><a class=\"btn btn-secondary understrap-read-more-link\" href=\"https:\/\/promz.be\/fr\/product\/brasseur-de-cafe-ou-the\/\">Lire la suite&#8230;<\/a><\/p>\n","protected":false},"featured_media":22988,"comment_status":"open","ping_status":"closed","template":"","meta":[],"product_cat":[952,947,984,986,966,948,995,957,1031,1020],"product_tag":[],"_links":{"self":[{"href":"https:\/\/promz.be\/fr\/wp-json\/wp\/v2\/product\/22990"}],"collection":[{"href":"https:\/\/promz.be\/fr\/wp-json\/wp\/v2\/product"}],"about":[{"href":"https:\/\/promz.be\/fr\/wp-json\/wp\/v2\/types\/product"}],"replies":[{"embeddable":true,"href":"https:\/\/promz.be\/fr\/wp-json\/wp\/v2\/comments?post=22990"}],"wp:featuredmedia":[{"embeddable":true,"href":"https:\/\/promz.be\/fr\/wp-json\/wp\/v2\/media\/22988"}],"wp:attachment":[{"href":"https:\/\/promz.be\/fr\/wp-json\/wp\/v2\/media?parent=22990"}],"wp:term":[{"taxonomy":"product_cat","embeddable":true,"href":"https:\/\/promz.be\/fr\/wp-json\/wp\/v2\/product_cat?post=22990"},{"taxonomy":"product_tag","embeddable":true,"href":"https:\/\/promz.be\/fr\/wp-json\/wp\/v2\/product_tag?post=22990"}],"curies":[{"name":"wp","href":"https:\/\/api.w.org\/{rel}","templated":true}]}}