{"id":23027,"date":"2019-06-25T13:33:20","date_gmt":"2019-06-25T11:33:20","guid":{"rendered":"https:\/\/promz.be\/product\/gingerbread-avec-logo\/"},"modified":"2019-06-25T13:48:59","modified_gmt":"2019-06-25T11:48:59","slug":"gingerbread-avec-logo","status":"publish","type":"product","link":"https:\/\/promz.be\/fr\/product\/gingerbread-avec-logo\/","title":{"rendered":"Gingerbread avec logo"},"content":{"rendered":"<h2>Le Gingerbread<\/h2>\n<p>Un petit biscuit qui va faire son petit effet !<br \/>\nComme biscuit promotionnel \u00e0 donner avec un caf\u00e9 nous avons maintenant le gingerbread, un biscuit \u00e9pic\u00e9 au gingembre. C\u2019est un biscuit qui a du caract\u00e8re et il est pourvu d\u2019une impression mangeable tr\u00e8s fine et lisible. Il est propos\u00e9 en conditionnement individuel ou \u00e0 plusieurs dans un emballage cadeau ou postal. Disponible en 2 formats.<\/p>\n<p>C\u2019est surtout le gingembre qui donne au biscuit son go\u00fbt \u00e9pic\u00e9. Son go\u00fbt et son message en font un article promotionnel fort. L\u2019impression est tr\u00e8s finement appos\u00e9e ! C\u2019est ce qui fait que <a href=\"https:\/\/www.worldofcookies.eu\/gingerbreads\/\" target=\"_blank\" rel=\"noopener noreferrer\">nos gingerbreads<\/a> sont uniques.<\/p>\n<p>Le biscuit est ferme, \u00e9lastique, mais moelleux sous la langue. Gr\u00e2ce \u00e0 sa consistance ferme, le biscuit peut sans probl\u00e8me \u00eatre joint \u00e0 un mailing.<\/p>\n<p>Il y a une grande vari\u00e9t\u00e9 d\u2019emballages : emballage individuel en feuille transparente ou emballage cadeau de 6, 12 ou 24 unit\u00e9s. 2 formats sont disponibles.<\/p>\n<p>En emballage individuel, l\u2019achat minimum est de 1000 unit\u00e9s. En emballage cadeau, d\u00e8s 40 unit\u00e9s ! Utilisez les biscuits en cadeau ou savourez-les avec vos clients.<\/p>\n<p><strong>Comment allez-vous vous servir de ces biscuits ?<\/strong><\/p>\n<p>le gingerbread, biscuits imprim\u00e9s, logo cookies, cadeau promotionnel, cookies personnalis\u00e9s<\/p>\n","protected":false},"excerpt":{"rendered":"<h2>Le Gingerbread<\/h2>\n<p>Un petit biscuit qui va faire son petit effet !<br \/>\nComme biscuit promotionnel \u00e0 donner avec un caf\u00e9 nous avons maintenant le gingerbread, un biscuit \u00e9pic\u00e9 au gingembre. C\u2019est un biscuit qui a du caract\u00e8re et il est pourvu d\u2019une impression mangeable tr\u00e8s fine et lisible. Il est propos\u00e9 en conditionnement individuel ou \u00e0 plusieurs dans un emballage cadeau ou postal. Disponible en 2 formats.<\/p>\n<p>C\u2019est surtout le gingembre qui donne au biscuit son go\u00fbt \u00e9pic\u00e9. Son go\u00fbt et son message en font un article promotionnel fort. L\u2019impression est tr\u00e8s finement appos\u00e9e ! C\u2019est ce qui fait que <a href=\"https:\/\/www.worldofcookies.eu\/gingerbreads\/\" target=\"_blank\" rel=\"noopener noreferrer\">nos gingerbreads<\/a> sont uniques.<\/p>\n<p>Le biscuit est ferme, \u00e9lastique, mais moelleux sous la langue. Gr\u00e2ce \u00e0 sa consistance ferme, le biscuit peut sans probl\u00e8me \u00eatre joint \u00e0 un mailing.<\/p>\n<p>Il y a une grande vari\u00e9t\u00e9 d\u2019emballages : emballage individuel en feuille transparente ou emballage cadeau de 6, 12 ou 24 unit\u00e9s. 2 formats sont disponibles.<\/p>\n<p>En emballage individuel, l\u2019achat minimum est de 1000 unit\u00e9s. En emballage cadeau, d\u00e8s 40 unit\u00e9s ! Utilisez les biscuits en cadeau ou savourez-les avec vos clients.<\/p>\n<p><strong>Comment allez-vous vous servir de ces biscuits ?<\/strong> [&#8230;]<\/p>\n<p><a class=\"btn btn-secondary understrap-read-more-link\" href=\"https:\/\/promz.be\/fr\/product\/gingerbread-avec-logo\/\">Lire la suite&#8230;<\/a><\/p>\n","protected":false},"featured_media":23026,"comment_status":"open","ping_status":"closed","template":"","meta":[],"product_cat":[984,947,977,991,957],"product_tag":[],"_links":{"self":[{"href":"https:\/\/promz.be\/fr\/wp-json\/wp\/v2\/product\/23027"}],"collection":[{"href":"https:\/\/promz.be\/fr\/wp-json\/wp\/v2\/product"}],"about":[{"href":"https:\/\/promz.be\/fr\/wp-json\/wp\/v2\/types\/product"}],"replies":[{"embeddable":true,"href":"https:\/\/promz.be\/fr\/wp-json\/wp\/v2\/comments?post=23027"}],"wp:featuredmedia":[{"embeddable":true,"href":"https:\/\/promz.be\/fr\/wp-json\/wp\/v2\/media\/23026"}],"wp:attachment":[{"href":"https:\/\/promz.be\/fr\/wp-json\/wp\/v2\/media?parent=23027"}],"wp:term":[{"taxonomy":"product_cat","embeddable":true,"href":"https:\/\/promz.be\/fr\/wp-json\/wp\/v2\/product_cat?post=23027"},{"taxonomy":"product_tag","embeddable":true,"href":"https:\/\/promz.be\/fr\/wp-json\/wp\/v2\/product_tag?post=23027"}],"curies":[{"name":"wp","href":"https:\/\/api.w.org\/{rel}","templated":true}]}}