{"id":23100,"date":"2019-06-26T13:46:37","date_gmt":"2019-06-26T11:46:37","guid":{"rendered":"https:\/\/promz.be\/product\/marshmallow-madness\/"},"modified":"2019-06-26T13:46:37","modified_gmt":"2019-06-26T11:46:37","slug":"marshmallow-madness","status":"publish","type":"product","link":"https:\/\/promz.be\/fr\/product\/marshmallow-madness\/","title":{"rendered":"Marshmallow Madness"},"content":{"rendered":"<p>Marshmallow Madness: du chocolat, des marshmallows. \u00a8Pr\u00eat pour f\u00eater le nouvel an en amiti\u00e9.<\/p>\n","protected":false},"excerpt":{"rendered":"<p>Marshmallow Madness: du chocolat, des marshmallows. \u00a8Pr\u00eat pour f\u00eater le nouvel an en amiti\u00e9. [&#8230;]<\/p>\n<p><a class=\"btn btn-secondary understrap-read-more-link\" href=\"https:\/\/promz.be\/fr\/product\/marshmallow-madness\/\">Lire la suite&#8230;<\/a><\/p>\n","protected":false},"featured_media":23096,"comment_status":"open","ping_status":"closed","template":"","meta":[],"product_cat":[984,947,977,991,957],"product_tag":[],"_links":{"self":[{"href":"https:\/\/promz.be\/fr\/wp-json\/wp\/v2\/product\/23100"}],"collection":[{"href":"https:\/\/promz.be\/fr\/wp-json\/wp\/v2\/product"}],"about":[{"href":"https:\/\/promz.be\/fr\/wp-json\/wp\/v2\/types\/product"}],"replies":[{"embeddable":true,"href":"https:\/\/promz.be\/fr\/wp-json\/wp\/v2\/comments?post=23100"}],"wp:featuredmedia":[{"embeddable":true,"href":"https:\/\/promz.be\/fr\/wp-json\/wp\/v2\/media\/23096"}],"wp:attachment":[{"href":"https:\/\/promz.be\/fr\/wp-json\/wp\/v2\/media?parent=23100"}],"wp:term":[{"taxonomy":"product_cat","embeddable":true,"href":"https:\/\/promz.be\/fr\/wp-json\/wp\/v2\/product_cat?post=23100"},{"taxonomy":"product_tag","embeddable":true,"href":"https:\/\/promz.be\/fr\/wp-json\/wp\/v2\/product_tag?post=23100"}],"curies":[{"name":"wp","href":"https:\/\/api.w.org\/{rel}","templated":true}]}}