{"id":23127,"date":"2019-06-27T14:40:19","date_gmt":"2019-06-27T12:40:19","guid":{"rendered":"https:\/\/promz.be\/product\/message-a-bottle\/"},"modified":"2019-06-27T14:40:19","modified_gmt":"2019-06-27T12:40:19","slug":"message-a-bottle","status":"publish","type":"product","link":"https:\/\/promz.be\/fr\/product\/message-a-bottle\/","title":{"rendered":"Message in a bottle"},"content":{"rendered":"<p>Personnalisez votre bouteille avec votre nom ou votre message surprenant. Il vous faut d\u2019autres id\u00e9es pour promouvoir votre marque ? Contactez-nous pour des id\u00e9es sur mesure et en ligne avec votre strat\u00e9gie.<\/p>\n","protected":false},"excerpt":{"rendered":"<p>Personnalisez votre bouteille avec votre nom ou votre message surprenant. Il vous faut d\u2019autres id\u00e9es pour promouvoir votre marque ? Contactez-nous pour des id\u00e9es sur mesure et en ligne avec votre strat\u00e9gie. [&#8230;]<\/p>\n<p><a class=\"btn btn-secondary understrap-read-more-link\" href=\"https:\/\/promz.be\/fr\/product\/message-a-bottle\/\">Lire la suite&#8230;<\/a><\/p>\n","protected":false},"featured_media":23124,"comment_status":"open","ping_status":"closed","template":"","meta":[],"product_cat":[979,947,969],"product_tag":[],"_links":{"self":[{"href":"https:\/\/promz.be\/fr\/wp-json\/wp\/v2\/product\/23127"}],"collection":[{"href":"https:\/\/promz.be\/fr\/wp-json\/wp\/v2\/product"}],"about":[{"href":"https:\/\/promz.be\/fr\/wp-json\/wp\/v2\/types\/product"}],"replies":[{"embeddable":true,"href":"https:\/\/promz.be\/fr\/wp-json\/wp\/v2\/comments?post=23127"}],"wp:featuredmedia":[{"embeddable":true,"href":"https:\/\/promz.be\/fr\/wp-json\/wp\/v2\/media\/23124"}],"wp:attachment":[{"href":"https:\/\/promz.be\/fr\/wp-json\/wp\/v2\/media?parent=23127"}],"wp:term":[{"taxonomy":"product_cat","embeddable":true,"href":"https:\/\/promz.be\/fr\/wp-json\/wp\/v2\/product_cat?post=23127"},{"taxonomy":"product_tag","embeddable":true,"href":"https:\/\/promz.be\/fr\/wp-json\/wp\/v2\/product_tag?post=23127"}],"curies":[{"name":"wp","href":"https:\/\/api.w.org\/{rel}","templated":true}]}}