{"id":23139,"date":"2019-06-27T15:05:33","date_gmt":"2019-06-27T13:05:33","guid":{"rendered":"https:\/\/promz.be\/product\/boite-a-lunch-bamberg-en-fibres\/"},"modified":"2019-06-27T15:11:43","modified_gmt":"2019-06-27T13:11:43","slug":"boite-a-lunch-bamberg-en-fibres","status":"publish","type":"product","link":"https:\/\/promz.be\/fr\/product\/boite-a-lunch-bamberg-en-fibres\/","title":{"rendered":"Bo\u00eete \u00e0 lunch Bamberg en fibres"},"content":{"rendered":"<p><strong>Bo\u00eete \u00e0 lunch Bamberg en fibres. Bo\u00eete \u00e0 lunch \u00e0 en 50 % fibres de bambou et 50 % plastique PP. <\/strong><\/p>\n<p>Livr\u00e9e avec fourchette, couteau et bande \u00e9lastique pour tenir tous les articles ensemble. Fibres de bambou et plastique PP.<\/p>\n<p><strong>Dimensions<\/strong><br \/>\n16,5 x 11,2 x 5 cm &#8211; 197 gr<\/p>\n<p><strong>Mat\u00e9riel<\/strong><br \/>\nPP (polypropylene) &amp; Bambou<\/p>\n<p><strong>Quantit\u00e9 minimale non imprim\u00e9e<\/strong><br \/>\n25 pi\u00e8ces<\/p>\n<p><strong>Quantit\u00e9 minimale imprim\u00e9e<\/strong><br \/>\n50 pi\u00e8ces<\/p>\n<p><a href=\"https:\/\/www.pascogifts.com\/fr\/boite-a-lunch-bamberg-en-fibres\" target=\"_blank\" rel=\"noopener noreferrer\">Plus d&#8217;informations<\/a><\/p>\n","protected":false},"excerpt":{"rendered":"<p><strong>Bo\u00eete \u00e0 lunch Bamberg en fibres. Bo\u00eete \u00e0 lunch \u00e0 en 50 % fibres de bambou et 50 % plastique PP. <\/strong><\/p>\n<p>Livr\u00e9e avec fourchette, couteau et bande \u00e9lastique pour tenir tous les articles ensemble. Fibres de bambou et plastique PP.<\/p>\n<p><strong>Dimensions<\/strong><br \/>\n16,5 x 11,2 x 5 cm &#8211; 197 gr<\/p>\n<p><strong>Mat\u00e9riel<\/strong><br \/>\nPP (polypropylene) &amp; Bambou<\/p>\n<p><strong>Quantit\u00e9 minimale non imprim\u00e9e<\/strong><br \/>\n25 pi\u00e8ces<\/p>\n<p><strong>Quantit\u00e9 minimale imprim\u00e9e<\/strong><br \/>\n50 pi\u00e8ces<\/p>\n<p><a href=\"https:\/\/www.pascogifts.com\/fr\/boite-a-lunch-bamberg-en-fibres\" target=\"_blank\" rel=\"noopener noreferrer\">Plus d&#8217;informations<\/a> [&#8230;]<\/p>\n<p><a class=\"btn btn-secondary understrap-read-more-link\" href=\"https:\/\/promz.be\/fr\/product\/boite-a-lunch-bamberg-en-fibres\/\">Lire la suite&#8230;<\/a><\/p>\n","protected":false},"featured_media":23136,"comment_status":"open","ping_status":"closed","template":"","meta":[],"product_cat":[1014,952,947,980,988,950,966,973,957,992,954],"product_tag":[],"_links":{"self":[{"href":"https:\/\/promz.be\/fr\/wp-json\/wp\/v2\/product\/23139"}],"collection":[{"href":"https:\/\/promz.be\/fr\/wp-json\/wp\/v2\/product"}],"about":[{"href":"https:\/\/promz.be\/fr\/wp-json\/wp\/v2\/types\/product"}],"replies":[{"embeddable":true,"href":"https:\/\/promz.be\/fr\/wp-json\/wp\/v2\/comments?post=23139"}],"wp:featuredmedia":[{"embeddable":true,"href":"https:\/\/promz.be\/fr\/wp-json\/wp\/v2\/media\/23136"}],"wp:attachment":[{"href":"https:\/\/promz.be\/fr\/wp-json\/wp\/v2\/media?parent=23139"}],"wp:term":[{"taxonomy":"product_cat","embeddable":true,"href":"https:\/\/promz.be\/fr\/wp-json\/wp\/v2\/product_cat?post=23139"},{"taxonomy":"product_tag","embeddable":true,"href":"https:\/\/promz.be\/fr\/wp-json\/wp\/v2\/product_tag?post=23139"}],"curies":[{"name":"wp","href":"https:\/\/api.w.org\/{rel}","templated":true}]}}