{"id":23280,"date":"2018-03-06T00:00:00","date_gmt":"2018-07-26T22:00:00","guid":{"rendered":"https:\/\/promz.be\/product\/cartes-a-jouer\/"},"modified":"2019-07-03T10:19:50","modified_gmt":"2019-07-03T08:19:50","slug":"cartes-a-jouer","status":"publish","type":"product","link":"https:\/\/promz.be\/fr\/product\/cartes-a-jouer\/","title":{"rendered":"Cartes \u00e0 jouer"},"content":{"rendered":"<p>Cartes \u00e0 jouer personnalis\u00e9es avec c\u00f4t\u00e9 jeu standard au choix<br \/>\n(roi, dame ou valet). Nous produisons vos propres jeux de cartes imprim\u00e9s avec votre logo sur le dos de la carte et l&#8217;\u00e9tui. Il est \u00e9galement possible de personnaliser le c\u00f4t\u00e9 jeu des cartes.<br \/>\nLes cartes \u00e0 jouer promotionnelles restent un cadeau embl\u00e9matique, surtout \u00e0 l\u2019heure de la d\u00e9sintoxication num\u00e9rique !<br \/>\nToute personne \u00e0 la recherche de convivialit\u00e9 ou d\u2019une connexion a tout int\u00e9r\u00eat \u00e0 envisager un jeu ou des cartes \u00e0 jouer imprim\u00e9es. Il est possible de commander des cartes de bridge ou des cartes de poker.<\/p>\n","protected":false},"excerpt":{"rendered":"<p>Cartes \u00e0 jouer personnalis\u00e9es avec c\u00f4t\u00e9 jeu standard au choix<br \/>\n(roi, dame ou valet). Nous produisons vos propres jeux de cartes imprim\u00e9s avec votre logo sur le dos de la carte et l&#8217;\u00e9tui. Il est \u00e9galement possible de personnaliser le c\u00f4t\u00e9 jeu des cartes.<br \/>\nLes cartes \u00e0 jouer promotionnelles restent un cadeau embl\u00e9matique, surtout \u00e0 l\u2019heure de la d\u00e9sintoxication num\u00e9rique !<br \/>\nToute personne \u00e0 la recherche de convivialit\u00e9 ou d\u2019une connexion a tout int\u00e9r\u00eat \u00e0 envisager un jeu ou des cartes \u00e0 jouer imprim\u00e9es. Il est possible de commander des cartes de bridge ou des cartes de poker. [&#8230;]<\/p>\n<p><a class=\"btn btn-secondary understrap-read-more-link\" href=\"https:\/\/promz.be\/fr\/product\/cartes-a-jouer\/\">Lire la suite&#8230;<\/a><\/p>\n","protected":false},"featured_media":19612,"comment_status":"closed","ping_status":"closed","template":"","meta":[],"product_cat":[1022,953],"product_tag":[7499],"_links":{"self":[{"href":"https:\/\/promz.be\/fr\/wp-json\/wp\/v2\/product\/23280"}],"collection":[{"href":"https:\/\/promz.be\/fr\/wp-json\/wp\/v2\/product"}],"about":[{"href":"https:\/\/promz.be\/fr\/wp-json\/wp\/v2\/types\/product"}],"replies":[{"embeddable":true,"href":"https:\/\/promz.be\/fr\/wp-json\/wp\/v2\/comments?post=23280"}],"wp:featuredmedia":[{"embeddable":true,"href":"https:\/\/promz.be\/fr\/wp-json\/wp\/v2\/media\/19612"}],"wp:attachment":[{"href":"https:\/\/promz.be\/fr\/wp-json\/wp\/v2\/media?parent=23280"}],"wp:term":[{"taxonomy":"product_cat","embeddable":true,"href":"https:\/\/promz.be\/fr\/wp-json\/wp\/v2\/product_cat?post=23280"},{"taxonomy":"product_tag","embeddable":true,"href":"https:\/\/promz.be\/fr\/wp-json\/wp\/v2\/product_tag?post=23280"}],"curies":[{"name":"wp","href":"https:\/\/api.w.org\/{rel}","templated":true}]}}