{"id":23281,"date":"2018-04-02T00:00:00","date_gmt":"2018-07-01T22:00:00","guid":{"rendered":"https:\/\/promz.be\/product\/cartes-a-jouer-avec-face-avant-personnalisee\/"},"modified":"2019-07-03T08:56:03","modified_gmt":"2019-07-03T06:56:03","slug":"cartes-a-jouer-avec-face-avant-personnalisee","status":"publish","type":"product","link":"https:\/\/promz.be\/fr\/product\/cartes-a-jouer-avec-face-avant-personnalisee\/","title":{"rendered":"Cartes \u00e0 jouer avec face avant personnalis\u00e9e"},"content":{"rendered":"<p>Nous produisons vos propres jeux de cartes imprim\u00e9s. Vous pouvez \u00e9galement enti\u00e8rement personnaliser la face avant de vos cartes \u00e0 jouer avec vos propres photos, textes ou personnages.<br \/>\nLes cartes \u00e0 jouer promotionnelles restent un cadeau embl\u00e9matique, surtout \u00e0 l\u2019heure de la d\u00e9sintoxication num\u00e9rique !<br \/>\nToute personne \u00e0 la recherche de convivialit\u00e9 ou d&#8217;une connexion a tout int\u00e9r\u00eat \u00e0 envisager un jeu ou des cartes \u00e0 jouer imprim\u00e9es, car les jeux sont tendance ! Tant les cartes de bridge que de poker sont possibles.<\/p>\n","protected":false},"excerpt":{"rendered":"<p>Nous produisons vos propres jeux de cartes imprim\u00e9s. Vous pouvez \u00e9galement enti\u00e8rement personnaliser la face avant de vos cartes \u00e0 jouer avec vos propres photos, textes ou personnages.<br \/>\nLes cartes \u00e0 jouer promotionnelles restent un cadeau embl\u00e9matique, surtout \u00e0 l\u2019heure de la d\u00e9sintoxication num\u00e9rique !<br \/>\nToute personne \u00e0 la recherche de convivialit\u00e9 ou d&#8217;une connexion a tout int\u00e9r\u00eat \u00e0 envisager un jeu ou des cartes \u00e0 jouer imprim\u00e9es, car les jeux sont tendance ! Tant les cartes de bridge que de poker sont possibles. [&#8230;]<\/p>\n<p><a class=\"btn btn-secondary understrap-read-more-link\" href=\"https:\/\/promz.be\/fr\/product\/cartes-a-jouer-avec-face-avant-personnalisee\/\">Lire la suite&#8230;<\/a><\/p>\n","protected":false},"featured_media":19624,"comment_status":"closed","ping_status":"closed","template":"","meta":[],"product_cat":[1022,953],"product_tag":[],"_links":{"self":[{"href":"https:\/\/promz.be\/fr\/wp-json\/wp\/v2\/product\/23281"}],"collection":[{"href":"https:\/\/promz.be\/fr\/wp-json\/wp\/v2\/product"}],"about":[{"href":"https:\/\/promz.be\/fr\/wp-json\/wp\/v2\/types\/product"}],"replies":[{"embeddable":true,"href":"https:\/\/promz.be\/fr\/wp-json\/wp\/v2\/comments?post=23281"}],"wp:featuredmedia":[{"embeddable":true,"href":"https:\/\/promz.be\/fr\/wp-json\/wp\/v2\/media\/19624"}],"wp:attachment":[{"href":"https:\/\/promz.be\/fr\/wp-json\/wp\/v2\/media?parent=23281"}],"wp:term":[{"taxonomy":"product_cat","embeddable":true,"href":"https:\/\/promz.be\/fr\/wp-json\/wp\/v2\/product_cat?post=23281"},{"taxonomy":"product_tag","embeddable":true,"href":"https:\/\/promz.be\/fr\/wp-json\/wp\/v2\/product_tag?post=23281"}],"curies":[{"name":"wp","href":"https:\/\/api.w.org\/{rel}","templated":true}]}}