{"id":23282,"date":"2018-03-15T00:00:00","date_gmt":"2018-11-20T23:00:00","guid":{"rendered":"https:\/\/promz.be\/product\/jeu-de-societe-de-poche\/"},"modified":"2019-07-03T09:58:28","modified_gmt":"2019-07-03T07:58:28","slug":"jeu-de-societe-de-poche","status":"publish","type":"product","link":"https:\/\/promz.be\/fr\/product\/jeu-de-societe-de-poche\/","title":{"rendered":"Jeu de soci\u00e9t\u00e9 de poche"},"content":{"rendered":"<p>Diff\u00e9rents jeux de soci\u00e9t\u00e9 sont possibles, comme \u00ab Serpents et \u00e9chelles \u00bb.<br \/>\nDes jeux existants connus, enti\u00e8rement personnalisables selon vos envies.<br \/>\nLes jeux de soci\u00e9t\u00e9 font leur grand retour, pensez donc \u00e0 un jeu de soci\u00e9t\u00e9 promotionnel. Vous pouvez en outre faire imprimer votre logo sur ces jeux de soci\u00e9t\u00e9 de poche. Un jeu de soci\u00e9t\u00e9 de poche avec votre propre design est \u00e9galement possible \u00e0 partir de 1000 pi\u00e8ces.<br \/>\nChoix entre plusieurs jeux amusants que tout le monde conna\u00eet !<\/p>\n","protected":false},"excerpt":{"rendered":"<p>Diff\u00e9rents jeux de soci\u00e9t\u00e9 sont possibles, comme \u00ab Serpents et \u00e9chelles \u00bb.<br \/>\nDes jeux existants connus, enti\u00e8rement personnalisables selon vos envies.<br \/>\nLes jeux de soci\u00e9t\u00e9 font leur grand retour, pensez donc \u00e0 un jeu de soci\u00e9t\u00e9 promotionnel. Vous pouvez en outre faire imprimer votre logo sur ces jeux de soci\u00e9t\u00e9 de poche. Un jeu de soci\u00e9t\u00e9 de poche avec votre propre design est \u00e9galement possible \u00e0 partir de 1000 pi\u00e8ces.<br \/>\nChoix entre plusieurs jeux amusants que tout le monde conna\u00eet ! [&#8230;]<\/p>\n<p><a class=\"btn btn-secondary understrap-read-more-link\" href=\"https:\/\/promz.be\/fr\/product\/jeu-de-societe-de-poche\/\">Lire la suite&#8230;<\/a><\/p>\n","protected":false},"featured_media":19618,"comment_status":"closed","ping_status":"closed","template":"","meta":[],"product_cat":[1022,953],"product_tag":[],"_links":{"self":[{"href":"https:\/\/promz.be\/fr\/wp-json\/wp\/v2\/product\/23282"}],"collection":[{"href":"https:\/\/promz.be\/fr\/wp-json\/wp\/v2\/product"}],"about":[{"href":"https:\/\/promz.be\/fr\/wp-json\/wp\/v2\/types\/product"}],"replies":[{"embeddable":true,"href":"https:\/\/promz.be\/fr\/wp-json\/wp\/v2\/comments?post=23282"}],"wp:featuredmedia":[{"embeddable":true,"href":"https:\/\/promz.be\/fr\/wp-json\/wp\/v2\/media\/19618"}],"wp:attachment":[{"href":"https:\/\/promz.be\/fr\/wp-json\/wp\/v2\/media?parent=23282"}],"wp:term":[{"taxonomy":"product_cat","embeddable":true,"href":"https:\/\/promz.be\/fr\/wp-json\/wp\/v2\/product_cat?post=23282"},{"taxonomy":"product_tag","embeddable":true,"href":"https:\/\/promz.be\/fr\/wp-json\/wp\/v2\/product_tag?post=23282"}],"curies":[{"name":"wp","href":"https:\/\/api.w.org\/{rel}","templated":true}]}}