{"id":23283,"date":"2018-03-26T00:00:00","date_gmt":"2018-08-28T22:00:00","guid":{"rendered":"https:\/\/promz.be\/product\/cartes-a-jouer-promotionnelles\/"},"modified":"2019-07-03T10:06:11","modified_gmt":"2019-07-03T08:06:11","slug":"cartes-a-jouer-promotionnelles","status":"publish","type":"product","link":"https:\/\/promz.be\/fr\/product\/cartes-a-jouer-promotionnelles\/","title":{"rendered":"Cartes \u00e0 jouer promotionnelles"},"content":{"rendered":"<p>Votre propre jeu de cartes, en voil\u00e0 une bonne id\u00e9e ! Un jeu de cartes promotionnel est en effet un cadeau qui est r\u00e9ellement utilis\u00e9. Le dos de la carte, l\u2019\u00e9tui et la face avant sont enti\u00e8rement personnalisables avec votre design, votre couleur, votre logo, etc. Faire imprimer vos propres cartes \u00e0 jouer devient un jeu d\u2019enfant gr\u00e2ce \u00e0 notre expertise et notre accompagnement professionnel.<br \/>\nLes cartes \u00e0 jouer \u00e0 donner associent votre marque au plaisir du jeu. Un cadeau positif gr\u00e2ce auquel vous avez tous les atouts en main !<\/p>\n","protected":false},"excerpt":{"rendered":"<p>Votre propre jeu de cartes, en voil\u00e0 une bonne id\u00e9e ! Un jeu de cartes promotionnel est en effet un cadeau qui est r\u00e9ellement utilis\u00e9. Le dos de la carte, l\u2019\u00e9tui et la face avant sont enti\u00e8rement personnalisables avec votre design, votre couleur, votre logo, etc. Faire imprimer vos propres cartes \u00e0 jouer devient un jeu d\u2019enfant gr\u00e2ce \u00e0 notre expertise et notre accompagnement professionnel.<br \/>\nLes cartes \u00e0 jouer \u00e0 donner associent votre marque au plaisir du jeu. Un cadeau positif gr\u00e2ce auquel vous avez tous les atouts en main ! [&#8230;]<\/p>\n<p><a class=\"btn btn-secondary understrap-read-more-link\" href=\"https:\/\/promz.be\/fr\/product\/cartes-a-jouer-promotionnelles\/\">Lire la suite&#8230;<\/a><\/p>\n","protected":false},"featured_media":19621,"comment_status":"closed","ping_status":"closed","template":"","meta":[],"product_cat":[1022,953],"product_tag":[],"_links":{"self":[{"href":"https:\/\/promz.be\/fr\/wp-json\/wp\/v2\/product\/23283"}],"collection":[{"href":"https:\/\/promz.be\/fr\/wp-json\/wp\/v2\/product"}],"about":[{"href":"https:\/\/promz.be\/fr\/wp-json\/wp\/v2\/types\/product"}],"replies":[{"embeddable":true,"href":"https:\/\/promz.be\/fr\/wp-json\/wp\/v2\/comments?post=23283"}],"wp:featuredmedia":[{"embeddable":true,"href":"https:\/\/promz.be\/fr\/wp-json\/wp\/v2\/media\/19621"}],"wp:attachment":[{"href":"https:\/\/promz.be\/fr\/wp-json\/wp\/v2\/media?parent=23283"}],"wp:term":[{"taxonomy":"product_cat","embeddable":true,"href":"https:\/\/promz.be\/fr\/wp-json\/wp\/v2\/product_cat?post=23283"},{"taxonomy":"product_tag","embeddable":true,"href":"https:\/\/promz.be\/fr\/wp-json\/wp\/v2\/product_tag?post=23283"}],"curies":[{"name":"wp","href":"https:\/\/api.w.org\/{rel}","templated":true}]}}