{"id":23285,"date":"2018-03-08T00:00:00","date_gmt":"2018-07-15T22:00:00","guid":{"rendered":"https:\/\/promz.be\/product\/jeu-de-poche-promotionnel\/"},"modified":"2019-07-03T10:16:59","modified_gmt":"2019-07-03T08:16:59","slug":"jeu-de-poche-promotionnel","status":"publish","type":"product","link":"https:\/\/promz.be\/fr\/product\/jeu-de-poche-promotionnel\/","title":{"rendered":"Jeu de poche promotionnel"},"content":{"rendered":"<p>Plusieurs jeux sont possibles, par exemple un ludo, et sont enti\u00e8rement personnalisables avec votre logo ou votre propre design. Cr\u00e9er votre propre jeu devient ainsi un jeu d\u2019enfant !<br \/>\nLes jeux de soci\u00e9t\u00e9 font leur grand retour, pensez donc \u00e0 un jeu de soci\u00e9t\u00e9 promotionnel. Vous pouvez facilement faire imprimer votre logo sur ces jeux de soci\u00e9t\u00e9 de poche. Un jeu de soci\u00e9t\u00e9 de poche avec votre propre design est \u00e9galement possible \u00e0 partir de 1000 pi\u00e8ces. Choix entre plusieurs jeux amusants que tout le monde conna\u00eet !<\/p>\n","protected":false},"excerpt":{"rendered":"<p>Plusieurs jeux sont possibles, par exemple un ludo, et sont enti\u00e8rement personnalisables avec votre logo ou votre propre design. Cr\u00e9er votre propre jeu devient ainsi un jeu d\u2019enfant !<br \/>\nLes jeux de soci\u00e9t\u00e9 font leur grand retour, pensez donc \u00e0 un jeu de soci\u00e9t\u00e9 promotionnel. Vous pouvez facilement faire imprimer votre logo sur ces jeux de soci\u00e9t\u00e9 de poche. Un jeu de soci\u00e9t\u00e9 de poche avec votre propre design est \u00e9galement possible \u00e0 partir de 1000 pi\u00e8ces. Choix entre plusieurs jeux amusants que tout le monde conna\u00eet ! [&#8230;]<\/p>\n<p><a class=\"btn btn-secondary understrap-read-more-link\" href=\"https:\/\/promz.be\/fr\/product\/jeu-de-poche-promotionnel\/\">Lire la suite&#8230;<\/a><\/p>\n","protected":false},"featured_media":19615,"comment_status":"closed","ping_status":"closed","template":"","meta":[],"product_cat":[1022,953],"product_tag":[],"_links":{"self":[{"href":"https:\/\/promz.be\/fr\/wp-json\/wp\/v2\/product\/23285"}],"collection":[{"href":"https:\/\/promz.be\/fr\/wp-json\/wp\/v2\/product"}],"about":[{"href":"https:\/\/promz.be\/fr\/wp-json\/wp\/v2\/types\/product"}],"replies":[{"embeddable":true,"href":"https:\/\/promz.be\/fr\/wp-json\/wp\/v2\/comments?post=23285"}],"wp:featuredmedia":[{"embeddable":true,"href":"https:\/\/promz.be\/fr\/wp-json\/wp\/v2\/media\/19615"}],"wp:attachment":[{"href":"https:\/\/promz.be\/fr\/wp-json\/wp\/v2\/media?parent=23285"}],"wp:term":[{"taxonomy":"product_cat","embeddable":true,"href":"https:\/\/promz.be\/fr\/wp-json\/wp\/v2\/product_cat?post=23285"},{"taxonomy":"product_tag","embeddable":true,"href":"https:\/\/promz.be\/fr\/wp-json\/wp\/v2\/product_tag?post=23285"}],"curies":[{"name":"wp","href":"https:\/\/api.w.org\/{rel}","templated":true}]}}