{"id":23286,"date":"2018-01-08T00:00:00","date_gmt":"2018-07-15T22:00:00","guid":{"rendered":"https:\/\/promz.be\/product\/jeu-de-cartes-jeu-daction-carta-junior\/"},"modified":"2019-07-03T09:49:32","modified_gmt":"2019-07-03T07:49:32","slug":"jeu-de-cartes-jeu-daction-carta-junior","status":"publish","type":"product","link":"https:\/\/promz.be\/fr\/product\/jeu-de-cartes-jeu-daction-carta-junior\/","title":{"rendered":"Jeu de cartes &#8211; Jeu d\u2019action Carta Junior"},"content":{"rendered":"<p>Jeu de cartes pour petits et grands.<br \/>\nCe jeu avec une face avant existante (le c\u00f4t\u00e9 jeu) est facilement personnalisable avec un logo sur l&#8217;\u00e9tui ou sur le dos des cartes. Vous cr\u00e9ez ainsi votre propre jeu de cartes en un tour de main.<br \/>\nUn jeu d&#8217;action pour les 7 \u00e0 77 ans. Un cadeau convivial pour toute la famille ! De plus, les jeux ont le vent en poupe ! Share the magic of playing together.<\/p>\n","protected":false},"excerpt":{"rendered":"<p>Jeu de cartes pour petits et grands.<br \/>\nCe jeu avec une face avant existante (le c\u00f4t\u00e9 jeu) est facilement personnalisable avec un logo sur l&#8217;\u00e9tui ou sur le dos des cartes. Vous cr\u00e9ez ainsi votre propre jeu de cartes en un tour de main.<br \/>\nUn jeu d&#8217;action pour les 7 \u00e0 77 ans. Un cadeau convivial pour toute la famille ! De plus, les jeux ont le vent en poupe ! Share the magic of playing together. [&#8230;]<\/p>\n<p><a class=\"btn btn-secondary understrap-read-more-link\" href=\"https:\/\/promz.be\/fr\/product\/jeu-de-cartes-jeu-daction-carta-junior\/\">Lire la suite&#8230;<\/a><\/p>\n","protected":false},"featured_media":19597,"comment_status":"closed","ping_status":"closed","template":"","meta":[],"product_cat":[1022,953],"product_tag":[7499],"_links":{"self":[{"href":"https:\/\/promz.be\/fr\/wp-json\/wp\/v2\/product\/23286"}],"collection":[{"href":"https:\/\/promz.be\/fr\/wp-json\/wp\/v2\/product"}],"about":[{"href":"https:\/\/promz.be\/fr\/wp-json\/wp\/v2\/types\/product"}],"replies":[{"embeddable":true,"href":"https:\/\/promz.be\/fr\/wp-json\/wp\/v2\/comments?post=23286"}],"wp:featuredmedia":[{"embeddable":true,"href":"https:\/\/promz.be\/fr\/wp-json\/wp\/v2\/media\/19597"}],"wp:attachment":[{"href":"https:\/\/promz.be\/fr\/wp-json\/wp\/v2\/media?parent=23286"}],"wp:term":[{"taxonomy":"product_cat","embeddable":true,"href":"https:\/\/promz.be\/fr\/wp-json\/wp\/v2\/product_cat?post=23286"},{"taxonomy":"product_tag","embeddable":true,"href":"https:\/\/promz.be\/fr\/wp-json\/wp\/v2\/product_tag?post=23286"}],"curies":[{"name":"wp","href":"https:\/\/api.w.org\/{rel}","templated":true}]}}