{"id":23287,"date":"2018-02-02T00:00:00","date_gmt":"2018-08-29T22:00:00","guid":{"rendered":"https:\/\/promz.be\/product\/jeu-de-cartes-memo-carta-junior\/"},"modified":"2019-07-03T09:04:53","modified_gmt":"2019-07-03T07:04:53","slug":"jeu-de-cartes-memo-carta-junior","status":"publish","type":"product","link":"https:\/\/promz.be\/fr\/product\/jeu-de-cartes-memo-carta-junior\/","title":{"rendered":"Jeu de cartes &#8211; M\u00e9mo Carta Junior"},"content":{"rendered":"<p>Le jeu de m\u00e9moire que tout le monde conna\u00eet. M\u00e9mo, un jeu d\u2019enfant amusant et facile \u00e0 personnaliser avec votre logo. Vous avez le choix entre des jeux de m\u00e9mo existants qui peuvent facilement \u00eatre personnalis\u00e9s, ou vous pouvez cr\u00e9er vos propres jeux de m\u00e9mo promotionnels.<\/p>\n","protected":false},"excerpt":{"rendered":"<p>Le jeu de m\u00e9moire que tout le monde conna\u00eet. M\u00e9mo, un jeu d\u2019enfant amusant et facile \u00e0 personnaliser avec votre logo. Vous avez le choix entre des jeux de m\u00e9mo existants qui peuvent facilement \u00eatre personnalis\u00e9s, ou vous pouvez cr\u00e9er vos propres jeux de m\u00e9mo promotionnels. [&#8230;]<\/p>\n<p><a class=\"btn btn-secondary understrap-read-more-link\" href=\"https:\/\/promz.be\/fr\/product\/jeu-de-cartes-memo-carta-junior\/\">Lire la suite&#8230;<\/a><\/p>\n","protected":false},"featured_media":19600,"comment_status":"closed","ping_status":"closed","template":"","meta":[],"product_cat":[1022,953],"product_tag":[],"_links":{"self":[{"href":"https:\/\/promz.be\/fr\/wp-json\/wp\/v2\/product\/23287"}],"collection":[{"href":"https:\/\/promz.be\/fr\/wp-json\/wp\/v2\/product"}],"about":[{"href":"https:\/\/promz.be\/fr\/wp-json\/wp\/v2\/types\/product"}],"replies":[{"embeddable":true,"href":"https:\/\/promz.be\/fr\/wp-json\/wp\/v2\/comments?post=23287"}],"wp:featuredmedia":[{"embeddable":true,"href":"https:\/\/promz.be\/fr\/wp-json\/wp\/v2\/media\/19600"}],"wp:attachment":[{"href":"https:\/\/promz.be\/fr\/wp-json\/wp\/v2\/media?parent=23287"}],"wp:term":[{"taxonomy":"product_cat","embeddable":true,"href":"https:\/\/promz.be\/fr\/wp-json\/wp\/v2\/product_cat?post=23287"},{"taxonomy":"product_tag","embeddable":true,"href":"https:\/\/promz.be\/fr\/wp-json\/wp\/v2\/product_tag?post=23287"}],"curies":[{"name":"wp","href":"https:\/\/api.w.org\/{rel}","templated":true}]}}