{"id":23290,"date":"2018-10-08T00:00:00","date_gmt":"2018-09-05T22:00:00","guid":{"rendered":"https:\/\/promz.be\/product\/double-jeu-daction\/"},"modified":"2019-07-03T08:34:01","modified_gmt":"2019-07-03T06:34:01","slug":"double-jeu-daction","status":"publish","type":"product","link":"https:\/\/promz.be\/fr\/product\/double-jeu-daction\/","title":{"rendered":"Double jeu d&#8217;action"},"content":{"rendered":"<p>Double jeu d\u2019action pour \u00ab se taquiner \u00bb avec deux jeux de cartes pour deux fois plus de plaisir !<br \/>\nUn double jeu de cartes \u00e0 personnaliser avec un logo ou votre propre design. Ce coffret est appr\u00e9ci\u00e9 comme cadeau promotionnel pour le plus grand plaisir des petits et grands.<br \/>\nUne mani\u00e8re simple de faire imprimer votre propre jeu.<\/p>\n","protected":false},"excerpt":{"rendered":"<p>Double jeu d\u2019action pour \u00ab se taquiner \u00bb avec deux jeux de cartes pour deux fois plus de plaisir !<br \/>\nUn double jeu de cartes \u00e0 personnaliser avec un logo ou votre propre design. Ce coffret est appr\u00e9ci\u00e9 comme cadeau promotionnel pour le plus grand plaisir des petits et grands.<br \/>\nUne mani\u00e8re simple de faire imprimer votre propre jeu. [&#8230;]<\/p>\n<p><a class=\"btn btn-secondary understrap-read-more-link\" href=\"https:\/\/promz.be\/fr\/product\/double-jeu-daction\/\">Lire la suite&#8230;<\/a><\/p>\n","protected":false},"featured_media":19591,"comment_status":"closed","ping_status":"closed","template":"","meta":[],"product_cat":[1022,953],"product_tag":[7499],"_links":{"self":[{"href":"https:\/\/promz.be\/fr\/wp-json\/wp\/v2\/product\/23290"}],"collection":[{"href":"https:\/\/promz.be\/fr\/wp-json\/wp\/v2\/product"}],"about":[{"href":"https:\/\/promz.be\/fr\/wp-json\/wp\/v2\/types\/product"}],"replies":[{"embeddable":true,"href":"https:\/\/promz.be\/fr\/wp-json\/wp\/v2\/comments?post=23290"}],"wp:featuredmedia":[{"embeddable":true,"href":"https:\/\/promz.be\/fr\/wp-json\/wp\/v2\/media\/19591"}],"wp:attachment":[{"href":"https:\/\/promz.be\/fr\/wp-json\/wp\/v2\/media?parent=23290"}],"wp:term":[{"taxonomy":"product_cat","embeddable":true,"href":"https:\/\/promz.be\/fr\/wp-json\/wp\/v2\/product_cat?post=23290"},{"taxonomy":"product_tag","embeddable":true,"href":"https:\/\/promz.be\/fr\/wp-json\/wp\/v2\/product_tag?post=23290"}],"curies":[{"name":"wp","href":"https:\/\/api.w.org\/{rel}","templated":true}]}}