{"id":23291,"date":"2018-01-25T00:00:00","date_gmt":"2018-09-03T22:00:00","guid":{"rendered":"https:\/\/promz.be\/product\/uno-de-mattel-jeu-de-cartes-promotionnel\/"},"modified":"2019-07-03T09:48:12","modified_gmt":"2019-07-03T07:48:12","slug":"uno-de-mattel-jeu-de-cartes-promotionnel","status":"publish","type":"product","link":"https:\/\/promz.be\/fr\/product\/uno-de-mattel-jeu-de-cartes-promotionnel\/","title":{"rendered":"Uno de Mattel \u2013 jeu de cartes promotionnel"},"content":{"rendered":"<p>Uno, le jeu auquel tout le monde joue !<br \/>\n\u00c0 personnaliser comme jeu de cartes promotionnel avec un logo \u00e0 partir de 10 000 pi\u00e8ces.<br \/>\nUn jeu connu qui associe votre marque ou entreprise au plaisir du jeu !<\/p>\n","protected":false},"excerpt":{"rendered":"<p>Uno, le jeu auquel tout le monde joue !<br \/>\n\u00c0 personnaliser comme jeu de cartes promotionnel avec un logo \u00e0 partir de 10 000 pi\u00e8ces.<br \/>\nUn jeu connu qui associe votre marque ou entreprise au plaisir du jeu ! [&#8230;]<\/p>\n<p><a class=\"btn btn-secondary understrap-read-more-link\" href=\"https:\/\/promz.be\/fr\/product\/uno-de-mattel-jeu-de-cartes-promotionnel\/\">Lire la suite&#8230;<\/a><\/p>\n","protected":false},"featured_media":19630,"comment_status":"closed","ping_status":"closed","template":"","meta":[],"product_cat":[1022,953],"product_tag":[],"_links":{"self":[{"href":"https:\/\/promz.be\/fr\/wp-json\/wp\/v2\/product\/23291"}],"collection":[{"href":"https:\/\/promz.be\/fr\/wp-json\/wp\/v2\/product"}],"about":[{"href":"https:\/\/promz.be\/fr\/wp-json\/wp\/v2\/types\/product"}],"replies":[{"embeddable":true,"href":"https:\/\/promz.be\/fr\/wp-json\/wp\/v2\/comments?post=23291"}],"wp:featuredmedia":[{"embeddable":true,"href":"https:\/\/promz.be\/fr\/wp-json\/wp\/v2\/media\/19630"}],"wp:attachment":[{"href":"https:\/\/promz.be\/fr\/wp-json\/wp\/v2\/media?parent=23291"}],"wp:term":[{"taxonomy":"product_cat","embeddable":true,"href":"https:\/\/promz.be\/fr\/wp-json\/wp\/v2\/product_cat?post=23291"},{"taxonomy":"product_tag","embeddable":true,"href":"https:\/\/promz.be\/fr\/wp-json\/wp\/v2\/product_tag?post=23291"}],"curies":[{"name":"wp","href":"https:\/\/api.w.org\/{rel}","templated":true}]}}