{"id":23292,"date":"2018-02-23T00:00:00","date_gmt":"2018-06-18T22:00:00","guid":{"rendered":"https:\/\/promz.be\/product\/monopoly-de-hasbro\/"},"modified":"2019-07-03T09:02:51","modified_gmt":"2019-07-03T07:02:51","slug":"monopoly-de-hasbro","status":"publish","type":"product","link":"https:\/\/promz.be\/fr\/product\/monopoly-de-hasbro\/","title":{"rendered":"Monopoly de Hasbro"},"content":{"rendered":"<p>Monopoly, le jeu que tout le monde conna\u00eet, sous forme de cartes.<br \/>\n\u00c0 personnaliser comme jeu de cartes promotionnel avec un logo \u00e0 partir de 10 000 pi\u00e8ces.<br \/>\nUn jeu connu qui associe votre marque ou entreprise au plaisir du jeu !<\/p>\n","protected":false},"excerpt":{"rendered":"<p>Monopoly, le jeu que tout le monde conna\u00eet, sous forme de cartes.<br \/>\n\u00c0 personnaliser comme jeu de cartes promotionnel avec un logo \u00e0 partir de 10 000 pi\u00e8ces.<br \/>\nUn jeu connu qui associe votre marque ou entreprise au plaisir du jeu ! [&#8230;]<\/p>\n<p><a class=\"btn btn-secondary understrap-read-more-link\" href=\"https:\/\/promz.be\/fr\/product\/monopoly-de-hasbro\/\">Lire la suite&#8230;<\/a><\/p>\n","protected":false},"featured_media":19633,"comment_status":"closed","ping_status":"closed","template":"","meta":[],"product_cat":[1022,953],"product_tag":[],"_links":{"self":[{"href":"https:\/\/promz.be\/fr\/wp-json\/wp\/v2\/product\/23292"}],"collection":[{"href":"https:\/\/promz.be\/fr\/wp-json\/wp\/v2\/product"}],"about":[{"href":"https:\/\/promz.be\/fr\/wp-json\/wp\/v2\/types\/product"}],"replies":[{"embeddable":true,"href":"https:\/\/promz.be\/fr\/wp-json\/wp\/v2\/comments?post=23292"}],"wp:featuredmedia":[{"embeddable":true,"href":"https:\/\/promz.be\/fr\/wp-json\/wp\/v2\/media\/19633"}],"wp:attachment":[{"href":"https:\/\/promz.be\/fr\/wp-json\/wp\/v2\/media?parent=23292"}],"wp:term":[{"taxonomy":"product_cat","embeddable":true,"href":"https:\/\/promz.be\/fr\/wp-json\/wp\/v2\/product_cat?post=23292"},{"taxonomy":"product_tag","embeddable":true,"href":"https:\/\/promz.be\/fr\/wp-json\/wp\/v2\/product_tag?post=23292"}],"curies":[{"name":"wp","href":"https:\/\/api.w.org\/{rel}","templated":true}]}}