{"id":23293,"date":"2018-04-03T00:00:00","date_gmt":"2018-07-05T22:00:00","guid":{"rendered":"https:\/\/promz.be\/product\/les-indestructibles-de-disney\/"},"modified":"2019-07-03T08:54:29","modified_gmt":"2019-07-03T06:54:29","slug":"les-indestructibles-de-disney","status":"publish","type":"product","link":"https:\/\/promz.be\/fr\/product\/les-indestructibles-de-disney\/","title":{"rendered":"Les Indestructibles de Disney"},"content":{"rendered":"<p>Le jeu des familles des Indestructibles.<br \/>\n\u00c0 personnaliser avec un logo \u00e0 partir de 10 000 pi\u00e8ces.<br \/>\nPour ceux qui optent pour un jeu des familles avec une licence connue.<br \/>\nUn jeu des familles sans licence est \u00e9videmment \u00e9galement possible ! Faire imprimer votre propre jeu des familles ne pose aucun probl\u00e8me !<\/p>\n","protected":false},"excerpt":{"rendered":"<p>Le jeu des familles des Indestructibles.<br \/>\n\u00c0 personnaliser avec un logo \u00e0 partir de 10 000 pi\u00e8ces.<br \/>\nPour ceux qui optent pour un jeu des familles avec une licence connue.<br \/>\nUn jeu des familles sans licence est \u00e9videmment \u00e9galement possible ! Faire imprimer votre propre jeu des familles ne pose aucun probl\u00e8me ! [&#8230;]<\/p>\n<p><a class=\"btn btn-secondary understrap-read-more-link\" href=\"https:\/\/promz.be\/fr\/product\/les-indestructibles-de-disney\/\">Lire la suite&#8230;<\/a><\/p>\n","protected":false},"featured_media":19636,"comment_status":"closed","ping_status":"closed","template":"","meta":[],"product_cat":[1022,953],"product_tag":[],"_links":{"self":[{"href":"https:\/\/promz.be\/fr\/wp-json\/wp\/v2\/product\/23293"}],"collection":[{"href":"https:\/\/promz.be\/fr\/wp-json\/wp\/v2\/product"}],"about":[{"href":"https:\/\/promz.be\/fr\/wp-json\/wp\/v2\/types\/product"}],"replies":[{"embeddable":true,"href":"https:\/\/promz.be\/fr\/wp-json\/wp\/v2\/comments?post=23293"}],"wp:featuredmedia":[{"embeddable":true,"href":"https:\/\/promz.be\/fr\/wp-json\/wp\/v2\/media\/19636"}],"wp:attachment":[{"href":"https:\/\/promz.be\/fr\/wp-json\/wp\/v2\/media?parent=23293"}],"wp:term":[{"taxonomy":"product_cat","embeddable":true,"href":"https:\/\/promz.be\/fr\/wp-json\/wp\/v2\/product_cat?post=23293"},{"taxonomy":"product_tag","embeddable":true,"href":"https:\/\/promz.be\/fr\/wp-json\/wp\/v2\/product_tag?post=23293"}],"curies":[{"name":"wp","href":"https:\/\/api.w.org\/{rel}","templated":true}]}}