{"id":23294,"date":"2018-04-06T00:00:00","date_gmt":"2018-10-23T22:00:00","guid":{"rendered":"https:\/\/promz.be\/product\/scrabble-blast-le-jeu-de-cartes\/"},"modified":"2019-07-03T08:51:31","modified_gmt":"2019-07-03T06:51:31","slug":"scrabble-blast-le-jeu-de-cartes","status":"publish","type":"product","link":"https:\/\/promz.be\/fr\/product\/scrabble-blast-le-jeu-de-cartes\/","title":{"rendered":"Scrabble Blast, le jeu de cartes"},"content":{"rendered":"<p>Scrabble Blast, le jeu de cartes.<br \/>\n\u00c0 personnaliser avec un logo \u00e0 partir de 10 000 pi\u00e8ces.<br \/>\nUn jeu connu qui associe votre marque ou entreprise \u00e0 des heures de plaisir, car les jeux de cartes promotionnels sont r\u00e9ellement utilis\u00e9s.<\/p>\n","protected":false},"excerpt":{"rendered":"<p>Scrabble Blast, le jeu de cartes.<br \/>\n\u00c0 personnaliser avec un logo \u00e0 partir de 10 000 pi\u00e8ces.<br \/>\nUn jeu connu qui associe votre marque ou entreprise \u00e0 des heures de plaisir, car les jeux de cartes promotionnels sont r\u00e9ellement utilis\u00e9s. [&#8230;]<\/p>\n<p><a class=\"btn btn-secondary understrap-read-more-link\" href=\"https:\/\/promz.be\/fr\/product\/scrabble-blast-le-jeu-de-cartes\/\">Lire la suite&#8230;<\/a><\/p>\n","protected":false},"featured_media":19639,"comment_status":"closed","ping_status":"closed","template":"","meta":[],"product_cat":[1022,953],"product_tag":[],"_links":{"self":[{"href":"https:\/\/promz.be\/fr\/wp-json\/wp\/v2\/product\/23294"}],"collection":[{"href":"https:\/\/promz.be\/fr\/wp-json\/wp\/v2\/product"}],"about":[{"href":"https:\/\/promz.be\/fr\/wp-json\/wp\/v2\/types\/product"}],"replies":[{"embeddable":true,"href":"https:\/\/promz.be\/fr\/wp-json\/wp\/v2\/comments?post=23294"}],"wp:featuredmedia":[{"embeddable":true,"href":"https:\/\/promz.be\/fr\/wp-json\/wp\/v2\/media\/19639"}],"wp:attachment":[{"href":"https:\/\/promz.be\/fr\/wp-json\/wp\/v2\/media?parent=23294"}],"wp:term":[{"taxonomy":"product_cat","embeddable":true,"href":"https:\/\/promz.be\/fr\/wp-json\/wp\/v2\/product_cat?post=23294"},{"taxonomy":"product_tag","embeddable":true,"href":"https:\/\/promz.be\/fr\/wp-json\/wp\/v2\/product_tag?post=23294"}],"curies":[{"name":"wp","href":"https:\/\/api.w.org\/{rel}","templated":true}]}}