{"id":23295,"date":"2018-05-01T00:00:00","date_gmt":"2018-06-11T22:00:00","guid":{"rendered":"https:\/\/promz.be\/product\/qui-est-ce-de-hasbro\/"},"modified":"2019-07-03T08:39:21","modified_gmt":"2019-07-03T06:39:21","slug":"qui-est-ce-de-hasbro","status":"publish","type":"product","link":"https:\/\/promz.be\/fr\/product\/qui-est-ce-de-hasbro\/","title":{"rendered":"Qui est-ce ? de Hasbro"},"content":{"rendered":"<p>Qui est-ce ?, le jeu de cartes avec licence de Hasbro.<br \/>\n\u00c0 personnaliser avec un logo \u00e0 partir de 10 000 pi\u00e8ces.<\/p>\n","protected":false},"excerpt":{"rendered":"<p>Qui est-ce ?, le jeu de cartes avec licence de Hasbro.<br \/>\n\u00c0 personnaliser avec un logo \u00e0 partir de 10 000 pi\u00e8ces. [&#8230;]<\/p>\n<p><a class=\"btn btn-secondary understrap-read-more-link\" href=\"https:\/\/promz.be\/fr\/product\/qui-est-ce-de-hasbro\/\">Lire la suite&#8230;<\/a><\/p>\n","protected":false},"featured_media":19642,"comment_status":"closed","ping_status":"closed","template":"","meta":[],"product_cat":[1022,953],"product_tag":[],"_links":{"self":[{"href":"https:\/\/promz.be\/fr\/wp-json\/wp\/v2\/product\/23295"}],"collection":[{"href":"https:\/\/promz.be\/fr\/wp-json\/wp\/v2\/product"}],"about":[{"href":"https:\/\/promz.be\/fr\/wp-json\/wp\/v2\/types\/product"}],"replies":[{"embeddable":true,"href":"https:\/\/promz.be\/fr\/wp-json\/wp\/v2\/comments?post=23295"}],"wp:featuredmedia":[{"embeddable":true,"href":"https:\/\/promz.be\/fr\/wp-json\/wp\/v2\/media\/19642"}],"wp:attachment":[{"href":"https:\/\/promz.be\/fr\/wp-json\/wp\/v2\/media?parent=23295"}],"wp:term":[{"taxonomy":"product_cat","embeddable":true,"href":"https:\/\/promz.be\/fr\/wp-json\/wp\/v2\/product_cat?post=23295"},{"taxonomy":"product_tag","embeddable":true,"href":"https:\/\/promz.be\/fr\/wp-json\/wp\/v2\/product_tag?post=23295"}],"curies":[{"name":"wp","href":"https:\/\/api.w.org\/{rel}","templated":true}]}}