{"id":23296,"date":"2018-05-23T00:00:00","date_gmt":"2018-08-30T22:00:00","guid":{"rendered":"https:\/\/promz.be\/product\/princesses-disney\/"},"modified":"2019-07-03T08:37:17","modified_gmt":"2019-07-03T06:37:17","slug":"princesses-disney","status":"publish","type":"product","link":"https:\/\/promz.be\/fr\/product\/princesses-disney\/","title":{"rendered":"Princesses Disney"},"content":{"rendered":"<p>Rencontrez les princesses Disney dans ce jeu de snap. Un jeu de cartes regorgeant de plaisir !<br \/>\n\u00c0 personnaliser avec un logo \u00e0 partir de 10 000 pi\u00e8ces.<\/p>\n","protected":false},"excerpt":{"rendered":"<p>Rencontrez les princesses Disney dans ce jeu de snap. Un jeu de cartes regorgeant de plaisir !<br \/>\n\u00c0 personnaliser avec un logo \u00e0 partir de 10 000 pi\u00e8ces. [&#8230;]<\/p>\n<p><a class=\"btn btn-secondary understrap-read-more-link\" href=\"https:\/\/promz.be\/fr\/product\/princesses-disney\/\">Lire la suite&#8230;<\/a><\/p>\n","protected":false},"featured_media":19645,"comment_status":"closed","ping_status":"closed","template":"","meta":[],"product_cat":[1022,953],"product_tag":[],"_links":{"self":[{"href":"https:\/\/promz.be\/fr\/wp-json\/wp\/v2\/product\/23296"}],"collection":[{"href":"https:\/\/promz.be\/fr\/wp-json\/wp\/v2\/product"}],"about":[{"href":"https:\/\/promz.be\/fr\/wp-json\/wp\/v2\/types\/product"}],"replies":[{"embeddable":true,"href":"https:\/\/promz.be\/fr\/wp-json\/wp\/v2\/comments?post=23296"}],"wp:featuredmedia":[{"embeddable":true,"href":"https:\/\/promz.be\/fr\/wp-json\/wp\/v2\/media\/19645"}],"wp:attachment":[{"href":"https:\/\/promz.be\/fr\/wp-json\/wp\/v2\/media?parent=23296"}],"wp:term":[{"taxonomy":"product_cat","embeddable":true,"href":"https:\/\/promz.be\/fr\/wp-json\/wp\/v2\/product_cat?post=23296"},{"taxonomy":"product_tag","embeddable":true,"href":"https:\/\/promz.be\/fr\/wp-json\/wp\/v2\/product_tag?post=23296"}],"curies":[{"name":"wp","href":"https:\/\/api.w.org\/{rel}","templated":true}]}}