{"id":23297,"date":"2018-03-02T00:00:00","date_gmt":"2018-06-06T22:00:00","guid":{"rendered":"https:\/\/promz.be\/product\/jeux-de-cartes-de-luxe\/"},"modified":"2019-07-03T09:00:41","modified_gmt":"2019-07-03T07:00:41","slug":"jeux-de-cartes-de-luxe","status":"publish","type":"product","link":"https:\/\/promz.be\/fr\/product\/jeux-de-cartes-de-luxe\/","title":{"rendered":"Jeux de cartes de luxe"},"content":{"rendered":"<p>Des cartes \u00e0 jouer de luxe pour ceux qui recherchent quelque chose de particulier.<br \/>\nVous voulez un petit plus ? Ou vous recherchez un look exclusif pour vos cartes \u00e0 jouer imprim\u00e9es ?<br \/>\nDans ce cas, nos techniques d\u2019impression sp\u00e9ciales offrent de nombreuses possibilit\u00e9s pour apporter une valeur ajout\u00e9e \u00e0 vos cartes \u00e0 jouer promotionnelles. Une apparence matte ou brillante ? Un vernis sp\u00e9cial sur les cartes pour mieux mettre en valeur votre logo ou un film pour illuminer le design de votre jeu de cartes ? Les possibilit\u00e9s de mettre en avant votre jeu de cartes promotionnel sont infinies. Demandez-les.<\/p>\n","protected":false},"excerpt":{"rendered":"<p>Des cartes \u00e0 jouer de luxe pour ceux qui recherchent quelque chose de particulier.<br \/>\nVous voulez un petit plus ? Ou vous recherchez un look exclusif pour vos cartes \u00e0 jouer imprim\u00e9es ?<br \/>\nDans ce cas, nos techniques d\u2019impression sp\u00e9ciales offrent de nombreuses possibilit\u00e9s pour apporter une valeur ajout\u00e9e \u00e0 vos cartes \u00e0 jouer promotionnelles. Une apparence matte ou brillante ? Un vernis sp\u00e9cial sur les cartes pour mieux mettre en valeur votre logo ou un film pour illuminer le design de votre jeu de cartes ? Les possibilit\u00e9s de mettre en avant votre jeu de cartes promotionnel sont infinies. Demandez-les. [&#8230;]<\/p>\n<p><a class=\"btn btn-secondary understrap-read-more-link\" href=\"https:\/\/promz.be\/fr\/product\/jeux-de-cartes-de-luxe\/\">Lire la suite&#8230;<\/a><\/p>\n","protected":false},"featured_media":19609,"comment_status":"closed","ping_status":"closed","template":"","meta":[],"product_cat":[1022,953],"product_tag":[],"_links":{"self":[{"href":"https:\/\/promz.be\/fr\/wp-json\/wp\/v2\/product\/23297"}],"collection":[{"href":"https:\/\/promz.be\/fr\/wp-json\/wp\/v2\/product"}],"about":[{"href":"https:\/\/promz.be\/fr\/wp-json\/wp\/v2\/types\/product"}],"replies":[{"embeddable":true,"href":"https:\/\/promz.be\/fr\/wp-json\/wp\/v2\/comments?post=23297"}],"wp:featuredmedia":[{"embeddable":true,"href":"https:\/\/promz.be\/fr\/wp-json\/wp\/v2\/media\/19609"}],"wp:attachment":[{"href":"https:\/\/promz.be\/fr\/wp-json\/wp\/v2\/media?parent=23297"}],"wp:term":[{"taxonomy":"product_cat","embeddable":true,"href":"https:\/\/promz.be\/fr\/wp-json\/wp\/v2\/product_cat?post=23297"},{"taxonomy":"product_tag","embeddable":true,"href":"https:\/\/promz.be\/fr\/wp-json\/wp\/v2\/product_tag?post=23297"}],"curies":[{"name":"wp","href":"https:\/\/api.w.org\/{rel}","templated":true}]}}