{"id":23298,"date":"2018-01-01T00:00:00","date_gmt":"2018-09-25T22:00:00","guid":{"rendered":"https:\/\/promz.be\/product\/cartes-a-jouer-dans-une-boite-cadeau\/"},"modified":"2019-07-03T09:55:03","modified_gmt":"2019-07-03T07:55:03","slug":"cartes-a-jouer-dans-une-boite-cadeau","status":"publish","type":"product","link":"https:\/\/promz.be\/fr\/product\/cartes-a-jouer-dans-une-boite-cadeau\/","title":{"rendered":"Cartes \u00e0 jouer dans une bo\u00eete cadeau"},"content":{"rendered":"<p>Une belle bo\u00eete avec couvercle pour un ou deux jeux de cartes promotionnels. Le coffret cadeau id\u00e9al pour des cartes \u00e0 jouer imprim\u00e9es. Pour ceux qui recherchent un beau cadeau ou un emballage sp\u00e9cial avec impression personnalis\u00e9e.<br \/>\nCet emballage de haute qualit\u00e9 pour cartes \u00e0 jouer offre la possibilit\u00e9 de combiner deux jeux diff\u00e9rents. Demandez nos emballages sp\u00e9ciaux pour jeux de cartes et cartes \u00e0 jouer promotionnels.<\/p>\n","protected":false},"excerpt":{"rendered":"<p>Une belle bo\u00eete avec couvercle pour un ou deux jeux de cartes promotionnels. Le coffret cadeau id\u00e9al pour des cartes \u00e0 jouer imprim\u00e9es. Pour ceux qui recherchent un beau cadeau ou un emballage sp\u00e9cial avec impression personnalis\u00e9e.<br \/>\nCet emballage de haute qualit\u00e9 pour cartes \u00e0 jouer offre la possibilit\u00e9 de combiner deux jeux diff\u00e9rents. Demandez nos emballages sp\u00e9ciaux pour jeux de cartes et cartes \u00e0 jouer promotionnels. [&#8230;]<\/p>\n<p><a class=\"btn btn-secondary understrap-read-more-link\" href=\"https:\/\/promz.be\/fr\/product\/cartes-a-jouer-dans-une-boite-cadeau\/\">Lire la suite&#8230;<\/a><\/p>\n","protected":false},"featured_media":19588,"comment_status":"closed","ping_status":"closed","template":"","meta":[],"product_cat":[1022,953],"product_tag":[],"_links":{"self":[{"href":"https:\/\/promz.be\/fr\/wp-json\/wp\/v2\/product\/23298"}],"collection":[{"href":"https:\/\/promz.be\/fr\/wp-json\/wp\/v2\/product"}],"about":[{"href":"https:\/\/promz.be\/fr\/wp-json\/wp\/v2\/types\/product"}],"replies":[{"embeddable":true,"href":"https:\/\/promz.be\/fr\/wp-json\/wp\/v2\/comments?post=23298"}],"wp:featuredmedia":[{"embeddable":true,"href":"https:\/\/promz.be\/fr\/wp-json\/wp\/v2\/media\/19588"}],"wp:attachment":[{"href":"https:\/\/promz.be\/fr\/wp-json\/wp\/v2\/media?parent=23298"}],"wp:term":[{"taxonomy":"product_cat","embeddable":true,"href":"https:\/\/promz.be\/fr\/wp-json\/wp\/v2\/product_cat?post=23298"},{"taxonomy":"product_tag","embeddable":true,"href":"https:\/\/promz.be\/fr\/wp-json\/wp\/v2\/product_tag?post=23298"}],"curies":[{"name":"wp","href":"https:\/\/api.w.org\/{rel}","templated":true}]}}