{"id":23913,"date":"2018-07-27T00:00:00","date_gmt":"2018-07-26T22:00:00","guid":{"rendered":"https:\/\/promz.be\/product\/carnet-de-notes-a5-color-edge\/"},"modified":"2018-07-27T00:00:00","modified_gmt":"2018-07-26T22:00:00","slug":"carnet-de-notes-a5-color-edge","status":"publish","type":"product","link":"https:\/\/promz.be\/fr\/product\/carnet-de-notes-a5-color-edge\/","title":{"rendered":"Carnet de notes A5 Color Edge"},"content":{"rendered":"<h2>Carnet de notes A5 Color Edge<\/h2>\n<p>Carnet de notes A5 de papier beige lign\u00e9 (80 feuilles). Poss\u00e8de un signet et un \u00e9lastique de fermeture. PU.<\/p>\n","protected":false},"excerpt":{"rendered":"<h2>Carnet de notes A5 Color Edge<\/h2>\n<p>Carnet de notes A5 de papier beige lign\u00e9 (80 feuilles). Poss\u00e8de un signet et un \u00e9lastique de fermeture. PU. [&#8230;]<\/p>\n<p><a class=\"btn btn-secondary understrap-read-more-link\" href=\"https:\/\/promz.be\/fr\/product\/carnet-de-notes-a5-color-edge\/\">Lire la suite&#8230;<\/a><\/p>\n","protected":false},"featured_media":23873,"comment_status":"closed","ping_status":"closed","template":"","meta":[],"product_cat":[951,1004],"product_tag":[],"_links":{"self":[{"href":"https:\/\/promz.be\/fr\/wp-json\/wp\/v2\/product\/23913"}],"collection":[{"href":"https:\/\/promz.be\/fr\/wp-json\/wp\/v2\/product"}],"about":[{"href":"https:\/\/promz.be\/fr\/wp-json\/wp\/v2\/types\/product"}],"replies":[{"embeddable":true,"href":"https:\/\/promz.be\/fr\/wp-json\/wp\/v2\/comments?post=23913"}],"wp:featuredmedia":[{"embeddable":true,"href":"https:\/\/promz.be\/fr\/wp-json\/wp\/v2\/media\/23873"}],"wp:attachment":[{"href":"https:\/\/promz.be\/fr\/wp-json\/wp\/v2\/media?parent=23913"}],"wp:term":[{"taxonomy":"product_cat","embeddable":true,"href":"https:\/\/promz.be\/fr\/wp-json\/wp\/v2\/product_cat?post=23913"},{"taxonomy":"product_tag","embeddable":true,"href":"https:\/\/promz.be\/fr\/wp-json\/wp\/v2\/product_tag?post=23913"}],"curies":[{"name":"wp","href":"https:\/\/api.w.org\/{rel}","templated":true}]}}