{"id":23915,"date":"2018-07-17T00:00:00","date_gmt":"2018-07-16T22:00:00","guid":{"rendered":"https:\/\/promz.be\/product\/t-shirt-manches-courtes-pour-hommes-ace\/"},"modified":"2018-07-17T00:00:00","modified_gmt":"2018-07-16T22:00:00","slug":"t-shirt-manches-courtes-pour-hommes-ace","status":"publish","type":"product","link":"https:\/\/promz.be\/fr\/product\/t-shirt-manches-courtes-pour-hommes-ace\/","title":{"rendered":"T-shirt manches courtes pour hommes Ace"},"content":{"rendered":"<h2>T-shirt manches courtes pour hommes Ace<\/h2>\n<p>Col c\u00f4tes en tricot plat avec \u00e9lasthanne.Col ras du cou.Tricot tubulaire.Bande d&#8217;\u00e9paule \u00e0 \u00e9paule.Couture double aiguille.\u00c9tiquette principale en transfert pour un meilleur confort. Jersey simple 100% coton. 150 g\/m\u00b2.<\/p>\n","protected":false},"excerpt":{"rendered":"<h2>T-shirt manches courtes pour hommes Ace<\/h2>\n<p>Col c\u00f4tes en tricot plat avec \u00e9lasthanne.Col ras du cou.Tricot tubulaire.Bande d&#8217;\u00e9paule \u00e0 \u00e9paule.Couture double aiguille.\u00c9tiquette principale en transfert pour un meilleur confort. Jersey simple 100% coton. 150 g\/m\u00b2. [&#8230;]<\/p>\n<p><a class=\"btn btn-secondary understrap-read-more-link\" href=\"https:\/\/promz.be\/fr\/product\/t-shirt-manches-courtes-pour-hommes-ace\/\">Lire la suite&#8230;<\/a><\/p>\n","protected":false},"featured_media":23378,"comment_status":"closed","ping_status":"closed","template":"","meta":[],"product_cat":[1012,955],"product_tag":[],"_links":{"self":[{"href":"https:\/\/promz.be\/fr\/wp-json\/wp\/v2\/product\/23915"}],"collection":[{"href":"https:\/\/promz.be\/fr\/wp-json\/wp\/v2\/product"}],"about":[{"href":"https:\/\/promz.be\/fr\/wp-json\/wp\/v2\/types\/product"}],"replies":[{"embeddable":true,"href":"https:\/\/promz.be\/fr\/wp-json\/wp\/v2\/comments?post=23915"}],"wp:featuredmedia":[{"embeddable":true,"href":"https:\/\/promz.be\/fr\/wp-json\/wp\/v2\/media\/23378"}],"wp:attachment":[{"href":"https:\/\/promz.be\/fr\/wp-json\/wp\/v2\/media?parent=23915"}],"wp:term":[{"taxonomy":"product_cat","embeddable":true,"href":"https:\/\/promz.be\/fr\/wp-json\/wp\/v2\/product_cat?post=23915"},{"taxonomy":"product_tag","embeddable":true,"href":"https:\/\/promz.be\/fr\/wp-json\/wp\/v2\/product_tag?post=23915"}],"curies":[{"name":"wp","href":"https:\/\/api.w.org\/{rel}","templated":true}]}}