{"id":23916,"date":"2018-07-16T00:00:00","date_gmt":"2018-07-15T22:00:00","guid":{"rendered":"https:\/\/promz.be\/product\/sac-a-dos-premium-condor\/"},"modified":"2018-07-16T00:00:00","modified_gmt":"2018-07-15T22:00:00","slug":"sac-a-dos-premium-condor","status":"publish","type":"product","link":"https:\/\/promz.be\/fr\/product\/sac-a-dos-premium-condor\/","title":{"rendered":"Sac \u00e0 dos Premium Condor"},"content":{"rendered":"<h2>Sac \u00e0 dos Premium Condor<\/h2>\n<p>La combinaison des mat\u00e9riaux rend ce sac simple tr\u00e8s fonctionnel et unique. Polyester 210D et polypropyl\u00e8ne non tiss\u00e9 80 gr.<\/p>\n","protected":false},"excerpt":{"rendered":"<h2>Sac \u00e0 dos Premium Condor<\/h2>\n<p>La combinaison des mat\u00e9riaux rend ce sac simple tr\u00e8s fonctionnel et unique. Polyester 210D et polypropyl\u00e8ne non tiss\u00e9 80 gr. [&#8230;]<\/p>\n<p><a class=\"btn btn-secondary understrap-read-more-link\" href=\"https:\/\/promz.be\/fr\/product\/sac-a-dos-premium-condor\/\">Lire la suite&#8230;<\/a><\/p>\n","protected":false},"featured_media":23884,"comment_status":"closed","ping_status":"open","template":"","meta":[],"product_cat":[978,954],"product_tag":[],"_links":{"self":[{"href":"https:\/\/promz.be\/fr\/wp-json\/wp\/v2\/product\/23916"}],"collection":[{"href":"https:\/\/promz.be\/fr\/wp-json\/wp\/v2\/product"}],"about":[{"href":"https:\/\/promz.be\/fr\/wp-json\/wp\/v2\/types\/product"}],"replies":[{"embeddable":true,"href":"https:\/\/promz.be\/fr\/wp-json\/wp\/v2\/comments?post=23916"}],"wp:featuredmedia":[{"embeddable":true,"href":"https:\/\/promz.be\/fr\/wp-json\/wp\/v2\/media\/23884"}],"wp:attachment":[{"href":"https:\/\/promz.be\/fr\/wp-json\/wp\/v2\/media?parent=23916"}],"wp:term":[{"taxonomy":"product_cat","embeddable":true,"href":"https:\/\/promz.be\/fr\/wp-json\/wp\/v2\/product_cat?post=23916"},{"taxonomy":"product_tag","embeddable":true,"href":"https:\/\/promz.be\/fr\/wp-json\/wp\/v2\/product_tag?post=23916"}],"curies":[{"name":"wp","href":"https:\/\/api.w.org\/{rel}","templated":true}]}}