{"id":23917,"date":"2018-07-18T00:00:00","date_gmt":"2018-07-17T22:00:00","guid":{"rendered":"https:\/\/promz.be\/product\/disque-de-stationnement-5-en-1\/"},"modified":"2019-07-07T15:53:53","modified_gmt":"2019-07-07T13:53:53","slug":"disque-de-stationnement-5-en-1","status":"publish","type":"product","link":"https:\/\/promz.be\/fr\/product\/disque-de-stationnement-5-en-1\/","title":{"rendered":"Disque de stationnement 5 en 1"},"content":{"rendered":"<h2>Disque de stationnement 5 en 1<\/h2>\n<p>Ce disque de stationnement dispose d&#8217;un grattoir, d&#8217;une raclette, d&#8217;un jeton de caddie et d&#8217;un indicateur d&#8217;usure des pneumatiques. Le disque dispose d&#8217;une grande surface blanche pour un logo \u00e0 l&#8217;arri\u00e8re. Texte \u00ab Heure d&#8217;arriv\u00e9e \u00bb sur le disque indiqu\u00e9 en n\u00e9erlandais, anglais, fran\u00e7ais, allemand et italien. Les r\u00e9glementations peuvent varier localement. Plastique polystyr\u00e8ne.<\/p>\n","protected":false},"excerpt":{"rendered":"<p>Disque de stationnement 5 en 1Ce disque de stationnement dispose d&#8217;un grattoir, d&#8217;une raclette, d&#8217;un jeton de caddie et d&#8217;un indicateur d&#8217;usure des pneumatiques. Le disque dispose d&#8217;une grande surface blanche pour un logo \u00e0 l&#8217;arri\u00e8re. Texte \u00ab Heure d&#8217;arriv\u00e9e \u00bb sur le disque indiqu\u00e9 en n\u00e9erlandais, anglais, fran\u00e7ais, allemand et italien. Les r\u00e9glementations peuvent varier localement. Plastique polystyr\u00e8ne. [&#8230;]<\/p>\n<p><a class=\"btn btn-secondary understrap-read-more-link\" href=\"https:\/\/promz.be\/fr\/product\/disque-de-stationnement-5-en-1\/\">Lire la suite&#8230;<\/a><\/p>\n","protected":false},"featured_media":23367,"comment_status":"closed","ping_status":"closed","template":"","meta":[],"product_cat":[961,957],"product_tag":[],"_links":{"self":[{"href":"https:\/\/promz.be\/fr\/wp-json\/wp\/v2\/product\/23917"}],"collection":[{"href":"https:\/\/promz.be\/fr\/wp-json\/wp\/v2\/product"}],"about":[{"href":"https:\/\/promz.be\/fr\/wp-json\/wp\/v2\/types\/product"}],"replies":[{"embeddable":true,"href":"https:\/\/promz.be\/fr\/wp-json\/wp\/v2\/comments?post=23917"}],"wp:featuredmedia":[{"embeddable":true,"href":"https:\/\/promz.be\/fr\/wp-json\/wp\/v2\/media\/23367"}],"wp:attachment":[{"href":"https:\/\/promz.be\/fr\/wp-json\/wp\/v2\/media?parent=23917"}],"wp:term":[{"taxonomy":"product_cat","embeddable":true,"href":"https:\/\/promz.be\/fr\/wp-json\/wp\/v2\/product_cat?post=23917"},{"taxonomy":"product_tag","embeddable":true,"href":"https:\/\/promz.be\/fr\/wp-json\/wp\/v2\/product_tag?post=23917"}],"curies":[{"name":"wp","href":"https:\/\/api.w.org\/{rel}","templated":true}]}}