{"id":23918,"date":"2018-07-16T00:00:00","date_gmt":"2018-07-15T22:00:00","guid":{"rendered":"https:\/\/promz.be\/product\/carnet-de-notes-classic-format-a5\/"},"modified":"2019-07-07T16:36:23","modified_gmt":"2019-07-07T14:36:23","slug":"carnet-de-notes-classic-format-a5","status":"publish","type":"product","link":"https:\/\/promz.be\/fr\/product\/carnet-de-notes-classic-format-a5\/","title":{"rendered":"Carnet de notes Classic format A5"},"content":{"rendered":"<h2>Carnet de notes Classic format A5<\/h2>\n<p>Ce carnet de notes cartonn\u00e9 au design classique exclusif (A5) avec fermeture \u00e9lastique et 80 feuilles (80 g) de papier lign\u00e9 est id\u00e9al pour l&#8217;\u00e9criture et le partage de notes. Dispose d&#8217;une poche extensible \u00e0 l&#8217;arri\u00e8re pour garder de petits notes. Avec pr\u00e9sentation dans \u00e9tui cadeau Journalbooks. Carton recouvert de PU.<\/p>\n","protected":false},"excerpt":{"rendered":"<h2>Carnet de notes Classic format A5<\/h2>\n<p>Ce carnet de notes cartonn\u00e9 au design classique exclusif (A5) avec fermeture \u00e9lastique et 80 feuilles (80 g) de papier lign\u00e9 est id\u00e9al pour l&#8217;\u00e9criture et le partage de notes. Dispose d&#8217;une poche extensible \u00e0 l&#8217;arri\u00e8re pour garder de petits notes. Avec pr\u00e9sentation dans \u00e9tui cadeau Journalbooks. Carton recouvert de PU. [&#8230;]<\/p>\n<p><a class=\"btn btn-secondary understrap-read-more-link\" href=\"https:\/\/promz.be\/fr\/product\/carnet-de-notes-classic-format-a5\/\">Lire la suite&#8230;<\/a><\/p>\n","protected":false},"featured_media":23862,"comment_status":"closed","ping_status":"open","template":"","meta":[],"product_cat":[951,1004],"product_tag":[],"_links":{"self":[{"href":"https:\/\/promz.be\/fr\/wp-json\/wp\/v2\/product\/23918"}],"collection":[{"href":"https:\/\/promz.be\/fr\/wp-json\/wp\/v2\/product"}],"about":[{"href":"https:\/\/promz.be\/fr\/wp-json\/wp\/v2\/types\/product"}],"replies":[{"embeddable":true,"href":"https:\/\/promz.be\/fr\/wp-json\/wp\/v2\/comments?post=23918"}],"wp:featuredmedia":[{"embeddable":true,"href":"https:\/\/promz.be\/fr\/wp-json\/wp\/v2\/media\/23862"}],"wp:attachment":[{"href":"https:\/\/promz.be\/fr\/wp-json\/wp\/v2\/media?parent=23918"}],"wp:term":[{"taxonomy":"product_cat","embeddable":true,"href":"https:\/\/promz.be\/fr\/wp-json\/wp\/v2\/product_cat?post=23918"},{"taxonomy":"product_tag","embeddable":true,"href":"https:\/\/promz.be\/fr\/wp-json\/wp\/v2\/product_tag?post=23918"}],"curies":[{"name":"wp","href":"https:\/\/api.w.org\/{rel}","templated":true}]}}