{"id":24215,"date":"2018-07-09T00:00:00","date_gmt":"2019-03-31T22:00:00","guid":{"rendered":"https:\/\/promz.be\/?post_type=product&#038;p=24215"},"modified":"2019-07-18T13:31:21","modified_gmt":"2019-07-18T11:31:21","slug":"polo-manches-courtes-pour-hommes-advantage","status":"publish","type":"product","link":"https:\/\/promz.be\/fr\/product\/polo-manches-courtes-pour-hommes-advantage\/","title":{"rendered":"Polo manches courtes pour hommes Advantage"},"content":{"rendered":"<h2>Polo manches courtes pour hommes Advantage<\/h2>\n<p>Col c\u00f4te en tricot plat.Patte de boutonnage 2 boutons.Bande de propret\u00e9 bicolore.Boutons grav\u00e9s assortis.\u00c9tiquette principale en transfert pour un meilleur confort. Maille piqu\u00e9e 100% coton. 160 g\/m\u00b2.<\/p>\n","protected":false},"excerpt":{"rendered":"<h2>Polo manches courtes pour hommes Advantage<\/h2>\n<p>Col c\u00f4te en tricot plat.Patte de boutonnage 2 boutons.Bande de propret\u00e9 bicolore.Boutons grav\u00e9s assortis.\u00c9tiquette principale en transfert pour un meilleur confort. Maille piqu\u00e9e 100% coton. 160 g\/m\u00b2. [&#8230;]<\/p>\n<p><a class=\"btn btn-secondary understrap-read-more-link\" href=\"https:\/\/promz.be\/fr\/product\/polo-manches-courtes-pour-hommes-advantage\/\">Lire la suite&#8230;<\/a><\/p>\n","protected":false},"featured_media":23389,"comment_status":"closed","ping_status":"closed","template":"","meta":[],"product_cat":[1012,955],"product_tag":[],"_links":{"self":[{"href":"https:\/\/promz.be\/fr\/wp-json\/wp\/v2\/product\/24215"}],"collection":[{"href":"https:\/\/promz.be\/fr\/wp-json\/wp\/v2\/product"}],"about":[{"href":"https:\/\/promz.be\/fr\/wp-json\/wp\/v2\/types\/product"}],"replies":[{"embeddable":true,"href":"https:\/\/promz.be\/fr\/wp-json\/wp\/v2\/comments?post=24215"}],"wp:featuredmedia":[{"embeddable":true,"href":"https:\/\/promz.be\/fr\/wp-json\/wp\/v2\/media\/23389"}],"wp:attachment":[{"href":"https:\/\/promz.be\/fr\/wp-json\/wp\/v2\/media?parent=24215"}],"wp:term":[{"taxonomy":"product_cat","embeddable":true,"href":"https:\/\/promz.be\/fr\/wp-json\/wp\/v2\/product_cat?post=24215"},{"taxonomy":"product_tag","embeddable":true,"href":"https:\/\/promz.be\/fr\/wp-json\/wp\/v2\/product_tag?post=24215"}],"curies":[{"name":"wp","href":"https:\/\/api.w.org\/{rel}","templated":true}]}}