{"id":24216,"date":"2018-07-08T00:00:00","date_gmt":"2019-03-31T22:00:00","guid":{"rendered":"https:\/\/promz.be\/?post_type=product&#038;p=24216"},"modified":"2019-07-18T13:35:35","modified_gmt":"2019-07-18T11:35:35","slug":"parapluie-21-5-3-sections-ouverture-fermeture-automatique-alex","status":"publish","type":"product","link":"https:\/\/promz.be\/fr\/product\/parapluie-21-5-3-sections-ouverture-fermeture-automatique-alex\/","title":{"rendered":"Parapluie 21.5&#8243; 3 sections ouverture fermeture automatique Alex"},"content":{"rendered":"<h2>Parapluie 21.5&#8243; 3 sections ouverture fermeture automatique Alex<\/h2>\n<p>Parapluie 21.5&#8243; 3 sections avec ouverture et fermeture automatique. M\u00e2t et baleines en m\u00e9tal, poign\u00e9e plastique. Livr\u00e9 avec une pochette de rangement. Polyester.<\/p>\n","protected":false},"excerpt":{"rendered":"<h2>Parapluie 21.5&#8243; 3 sections ouverture fermeture automatique Alex<\/h2>\n<p>Parapluie 21.5&#8243; 3 sections avec ouverture et fermeture automatique. M\u00e2t et baleines en m\u00e9tal, poign\u00e9e plastique. Livr\u00e9 avec une pochette de rangement. Polyester. [&#8230;]<\/p>\n<p><a class=\"btn btn-secondary understrap-read-more-link\" href=\"https:\/\/promz.be\/fr\/product\/parapluie-21-5-3-sections-ouverture-fermeture-automatique-alex\/\">Lire la suite&#8230;<\/a><\/p>\n","protected":false},"featured_media":23400,"comment_status":"closed","ping_status":"closed","template":"","meta":[],"product_cat":[952,1009],"product_tag":[],"_links":{"self":[{"href":"https:\/\/promz.be\/fr\/wp-json\/wp\/v2\/product\/24216"}],"collection":[{"href":"https:\/\/promz.be\/fr\/wp-json\/wp\/v2\/product"}],"about":[{"href":"https:\/\/promz.be\/fr\/wp-json\/wp\/v2\/types\/product"}],"replies":[{"embeddable":true,"href":"https:\/\/promz.be\/fr\/wp-json\/wp\/v2\/comments?post=24216"}],"wp:featuredmedia":[{"embeddable":true,"href":"https:\/\/promz.be\/fr\/wp-json\/wp\/v2\/media\/23400"}],"wp:attachment":[{"href":"https:\/\/promz.be\/fr\/wp-json\/wp\/v2\/media?parent=24216"}],"wp:term":[{"taxonomy":"product_cat","embeddable":true,"href":"https:\/\/promz.be\/fr\/wp-json\/wp\/v2\/product_cat?post=24216"},{"taxonomy":"product_tag","embeddable":true,"href":"https:\/\/promz.be\/fr\/wp-json\/wp\/v2\/product_tag?post=24216"}],"curies":[{"name":"wp","href":"https:\/\/api.w.org\/{rel}","templated":true}]}}