{"id":24218,"date":"2018-07-04T00:00:00","date_gmt":"2019-03-31T22:00:00","guid":{"rendered":"https:\/\/promz.be\/?post_type=product&#038;p=24218"},"modified":"2019-07-18T13:43:03","modified_gmt":"2019-07-18T11:43:03","slug":"sweater-capuche-alley-2","status":"publish","type":"product","link":"https:\/\/promz.be\/fr\/product\/sweater-capuche-alley-2\/","title":{"rendered":"Sweater capuche Alley"},"content":{"rendered":"<h2>Sweater capuche Alley<\/h2>\n<p>Poignets c\u00f4tes en tricot plat.Ourlet du bas en c\u00f4te tricot plat.Cordon de serrage \u00e0 la capuche.Poche kangourou.Demi-lune.Bande de propret\u00e9 bicolore.Oeillets argent vieilli avec logo grav\u00e9.\u00c9tiquette drapeau \u00e0 la couture lat\u00e9rale.\u00c9tiquette principale en transfert pour un meilleur confort. French Terry 50% coton et 50% polyester. 285 g\/m\u00b2.<\/p>\n","protected":false},"excerpt":{"rendered":"<h2>Sweater capuche Alley<\/h2>\n<p>Poignets c\u00f4tes en tricot plat.Ourlet du bas en c\u00f4te tricot plat.Cordon de serrage \u00e0 la capuche.Poche kangourou.Demi-lune.Bande de propret\u00e9 bicolore.Oeillets argent vieilli avec logo grav\u00e9.\u00c9tiquette drapeau \u00e0 la couture lat\u00e9rale.\u00c9tiquette principale en transfert pour un meilleur confort. French Terry 50% coton et 50% polyester. 285 g\/m\u00b2. [&#8230;]<\/p>\n<p><a class=\"btn btn-secondary understrap-read-more-link\" href=\"https:\/\/promz.be\/fr\/product\/sweater-capuche-alley-2\/\">Lire la suite&#8230;<\/a><\/p>\n","protected":false},"featured_media":23422,"comment_status":"closed","ping_status":"closed","template":"","meta":[],"product_cat":[955,967],"product_tag":[],"_links":{"self":[{"href":"https:\/\/promz.be\/fr\/wp-json\/wp\/v2\/product\/24218"}],"collection":[{"href":"https:\/\/promz.be\/fr\/wp-json\/wp\/v2\/product"}],"about":[{"href":"https:\/\/promz.be\/fr\/wp-json\/wp\/v2\/types\/product"}],"replies":[{"embeddable":true,"href":"https:\/\/promz.be\/fr\/wp-json\/wp\/v2\/comments?post=24218"}],"wp:featuredmedia":[{"embeddable":true,"href":"https:\/\/promz.be\/fr\/wp-json\/wp\/v2\/media\/23422"}],"wp:attachment":[{"href":"https:\/\/promz.be\/fr\/wp-json\/wp\/v2\/media?parent=24218"}],"wp:term":[{"taxonomy":"product_cat","embeddable":true,"href":"https:\/\/promz.be\/fr\/wp-json\/wp\/v2\/product_cat?post=24218"},{"taxonomy":"product_tag","embeddable":true,"href":"https:\/\/promz.be\/fr\/wp-json\/wp\/v2\/product_tag?post=24218"}],"curies":[{"name":"wp","href":"https:\/\/api.w.org\/{rel}","templated":true}]}}