{"id":24219,"date":"2018-06-23T00:00:00","date_gmt":"2019-03-31T22:00:00","guid":{"rendered":"https:\/\/promz.be\/?post_type=product&#038;p=24219"},"modified":"2019-07-18T13:54:33","modified_gmt":"2019-07-18T11:54:33","slug":"mug-isotherme-alpes-avec-mousqueton","status":"publish","type":"product","link":"https:\/\/promz.be\/fr\/product\/mug-isotherme-alpes-avec-mousqueton\/","title":{"rendered":"Mug isotherme Alpes avec mousqueton"},"content":{"rendered":"<h2>Mug isotherme Alpes avec mousqueton<\/h2>\n<p>Mug \u00e0 grande poign\u00e9e de 200 ml en acier inoxydable avec mousqueton dans la poign\u00e9e. Id\u00e9al pour des activit\u00e9s de camping ou de plein air. Ext\u00e9rieur et int\u00e9rieur en acier inoxydable.<\/p>\n","protected":false},"excerpt":{"rendered":"<h2>Mug isotherme Alpes avec mousqueton<\/h2>\n<p>Mug \u00e0 grande poign\u00e9e de 200 ml en acier inoxydable avec mousqueton dans la poign\u00e9e. Id\u00e9al pour des activit\u00e9s de camping ou de plein air. Ext\u00e9rieur et int\u00e9rieur en acier inoxydable. [&#8230;]<\/p>\n<p><a class=\"btn btn-secondary understrap-read-more-link\" href=\"https:\/\/promz.be\/fr\/product\/mug-isotherme-alpes-avec-mousqueton\/\">Lire la suite&#8230;<\/a><\/p>\n","protected":false},"featured_media":23433,"comment_status":"closed","ping_status":"closed","template":"","meta":[],"product_cat":[947,1027,968],"product_tag":[],"_links":{"self":[{"href":"https:\/\/promz.be\/fr\/wp-json\/wp\/v2\/product\/24219"}],"collection":[{"href":"https:\/\/promz.be\/fr\/wp-json\/wp\/v2\/product"}],"about":[{"href":"https:\/\/promz.be\/fr\/wp-json\/wp\/v2\/types\/product"}],"replies":[{"embeddable":true,"href":"https:\/\/promz.be\/fr\/wp-json\/wp\/v2\/comments?post=24219"}],"wp:featuredmedia":[{"embeddable":true,"href":"https:\/\/promz.be\/fr\/wp-json\/wp\/v2\/media\/23433"}],"wp:attachment":[{"href":"https:\/\/promz.be\/fr\/wp-json\/wp\/v2\/media?parent=24219"}],"wp:term":[{"taxonomy":"product_cat","embeddable":true,"href":"https:\/\/promz.be\/fr\/wp-json\/wp\/v2\/product_cat?post=24219"},{"taxonomy":"product_tag","embeddable":true,"href":"https:\/\/promz.be\/fr\/wp-json\/wp\/v2\/product_tag?post=24219"}],"curies":[{"name":"wp","href":"https:\/\/api.w.org\/{rel}","templated":true}]}}