{"id":24220,"date":"2018-05-05T00:00:00","date_gmt":"2019-03-31T22:00:00","guid":{"rendered":"https:\/\/promz.be\/?post_type=product&#038;p=24220"},"modified":"2019-07-18T16:32:48","modified_gmt":"2019-07-18T14:32:48","slug":"serviette-anchorage","status":"publish","type":"product","link":"https:\/\/promz.be\/fr\/product\/serviette-anchorage\/","title":{"rendered":"Serviette Anchorage"},"content":{"rendered":"<h2>Serviette Anchorage<\/h2>\n<p>Serviette avec bandouli\u00e8re ajustable, rabat \u00e0 fermeture par boucle, poche zipp\u00e9e dans le rabat, compartiment principal zipp\u00e9 et plusieurs poches ouvertes sous le rabat. Polyester 600D.<\/p>\n","protected":false},"excerpt":{"rendered":"<h2>Serviette Anchorage<\/h2>\n<p>Serviette avec bandouli\u00e8re ajustable, rabat \u00e0 fermeture par boucle, poche zipp\u00e9e dans le rabat, compartiment principal zipp\u00e9 et plusieurs poches ouvertes sous le rabat. Polyester 600D. [&#8230;]<\/p>\n<p><a class=\"btn btn-secondary understrap-read-more-link\" href=\"https:\/\/promz.be\/fr\/product\/serviette-anchorage\/\">Lire la suite&#8230;<\/a><\/p>\n","protected":false},"featured_media":23444,"comment_status":"closed","ping_status":"closed","template":"","meta":[],"product_cat":[978,954],"product_tag":[],"_links":{"self":[{"href":"https:\/\/promz.be\/fr\/wp-json\/wp\/v2\/product\/24220"}],"collection":[{"href":"https:\/\/promz.be\/fr\/wp-json\/wp\/v2\/product"}],"about":[{"href":"https:\/\/promz.be\/fr\/wp-json\/wp\/v2\/types\/product"}],"replies":[{"embeddable":true,"href":"https:\/\/promz.be\/fr\/wp-json\/wp\/v2\/comments?post=24220"}],"wp:featuredmedia":[{"embeddable":true,"href":"https:\/\/promz.be\/fr\/wp-json\/wp\/v2\/media\/23444"}],"wp:attachment":[{"href":"https:\/\/promz.be\/fr\/wp-json\/wp\/v2\/media?parent=24220"}],"wp:term":[{"taxonomy":"product_cat","embeddable":true,"href":"https:\/\/promz.be\/fr\/wp-json\/wp\/v2\/product_cat?post=24220"},{"taxonomy":"product_tag","embeddable":true,"href":"https:\/\/promz.be\/fr\/wp-json\/wp\/v2\/product_tag?post=24220"}],"curies":[{"name":"wp","href":"https:\/\/api.w.org\/{rel}","templated":true}]}}