{"id":24221,"date":"2018-03-04T00:00:00","date_gmt":"2019-03-31T22:00:00","guid":{"rendered":"https:\/\/promz.be\/?post_type=product&#038;p=24221"},"modified":"2019-07-18T15:47:01","modified_gmt":"2019-07-18T13:47:01","slug":"balle-anti-stress","status":"publish","type":"product","link":"https:\/\/promz.be\/fr\/product\/balle-anti-stress\/","title":{"rendered":"Balle anti-stress"},"content":{"rendered":"<h2>Balle anti-stress<\/h2>\n<p>Faites rebondir, lancez ou serrez cette balle anti-stress ronde. Les balles anti-stress varient l\u00e9g\u00e8rement en termes de densit\u00e9, de couleur, de taille et de poids &#8230; ce qui ne permet pas toujours d&#8217;avoir un marquage uniforme et extr\u00eamement pr\u00e9cis. Pas de marquage possible en d\u00e9grad\u00e9. Mousse PU.<\/p>\n","protected":false},"excerpt":{"rendered":"<h2>Balle anti-stress<\/h2>\n<p>Faites rebondir, lancez ou serrez cette balle anti-stress ronde. Les balles anti-stress varient l\u00e9g\u00e8rement en termes de densit\u00e9, de couleur, de taille et de poids &#8230; ce qui ne permet pas toujours d&#8217;avoir un marquage uniforme et extr\u00eamement pr\u00e9cis. Pas de marquage possible en d\u00e9grad\u00e9. Mousse PU. [&#8230;]<\/p>\n<p><a class=\"btn btn-secondary understrap-read-more-link\" href=\"https:\/\/promz.be\/fr\/product\/balle-anti-stress\/\">Lire la suite&#8230;<\/a><\/p>\n","protected":false},"featured_media":23455,"comment_status":"closed","ping_status":"closed","template":"","meta":[],"product_cat":[960,948],"product_tag":[],"_links":{"self":[{"href":"https:\/\/promz.be\/fr\/wp-json\/wp\/v2\/product\/24221"}],"collection":[{"href":"https:\/\/promz.be\/fr\/wp-json\/wp\/v2\/product"}],"about":[{"href":"https:\/\/promz.be\/fr\/wp-json\/wp\/v2\/types\/product"}],"replies":[{"embeddable":true,"href":"https:\/\/promz.be\/fr\/wp-json\/wp\/v2\/comments?post=24221"}],"wp:featuredmedia":[{"embeddable":true,"href":"https:\/\/promz.be\/fr\/wp-json\/wp\/v2\/media\/23455"}],"wp:attachment":[{"href":"https:\/\/promz.be\/fr\/wp-json\/wp\/v2\/media?parent=24221"}],"wp:term":[{"taxonomy":"product_cat","embeddable":true,"href":"https:\/\/promz.be\/fr\/wp-json\/wp\/v2\/product_cat?post=24221"},{"taxonomy":"product_tag","embeddable":true,"href":"https:\/\/promz.be\/fr\/wp-json\/wp\/v2\/product_tag?post=24221"}],"curies":[{"name":"wp","href":"https:\/\/api.w.org\/{rel}","templated":true}]}}